{"id":1938,"date":"2024-01-10T17:02:13","date_gmt":"2024-01-10T17:02:13","guid":{"rendered":"http:\/\/floney.ch\/?post_type=product&#038;p=1938"},"modified":"2024-12-10T15:07:45","modified_gmt":"2024-12-10T15:07:45","slug":"floney-fahej-mezpasztilla","status":"publish","type":"product","link":"http:\/\/floney.ch\/fr\/product\/floney-fahej-mezpasztilla\/","title":{"rendered":"Floney - Pastille de miel \u00e0 la Cannelle"},"content":{"rendered":"<div data-elementor-type=\"product-post\" data-elementor-id=\"1938\" class=\"elementor elementor-1938\" data-elementor-post-type=\"product\">\n\t\t\t\t\t\t\t\t\t<section class=\"elementor-section elementor-top-section elementor-element elementor-element-565df90a elementor-section-boxed elementor-section-height-default elementor-section-height-default\" data-id=\"565df90a\" data-element_type=\"section\">\n\t\t\t\t\t\t<div class=\"elementor-container elementor-column-gap-default\">\n\t\t\t\t\t<div class=\"elementor-column elementor-col-100 elementor-top-column elementor-element elementor-element-12db5dc7\" data-id=\"12db5dc7\" data-element_type=\"column\">\n\t\t\t<div class=\"elementor-widget-wrap elementor-element-populated\">\n\t\t\t\t\t\t\t\t<div class=\"elementor-element elementor-element-f173aac elementor-tabs-view-horizontal elementor-widget elementor-widget-tabs\" data-id=\"f173aac\" data-element_type=\"widget\" data-widget_type=\"tabs.default\">\n\t\t\t\t<div class=\"elementor-widget-container\">\n\t\t\t\t\t<div class=\"elementor-tabs\">\n\t\t\t<div class=\"elementor-tabs-wrapper\" role=\"tablist\" >\n\t\t\t\t\t\t\t\t\t<div id=\"elementor-tab-title-2531\" class=\"elementor-tab-title elementor-tab-desktop-title\" aria-selected=\"true\" data-tab=\"1\" role=\"tab\" tabindex=\"0\" aria-controls=\"elementor-tab-content-2531\" aria-expanded=\"false\">Distribution<\/div>\n\t\t\t\t\t\t\t\t\t<div id=\"elementor-tab-title-2532\" class=\"elementor-tab-title elementor-tab-desktop-title\" aria-selected=\"false\" data-tab=\"2\" role=\"tab\" tabindex=\"-1\" aria-controls=\"elementor-tab-content-2532\" aria-expanded=\"false\">Ingr\u00e9dients<\/div>\n\t\t\t\t\t\t\t\t\t<div id=\"elementor-tab-title-2533\" class=\"elementor-tab-title elementor-tab-desktop-title\" aria-selected=\"false\" data-tab=\"3\" role=\"tab\" tabindex=\"-1\" aria-controls=\"elementor-tab-content-2533\" aria-expanded=\"false\">Informations sur la disponibilit\u00e9<\/div>\n\t\t\t\t\t\t\t\t\t<div id=\"elementor-tab-title-2534\" class=\"elementor-tab-title elementor-tab-desktop-title\" aria-selected=\"false\" data-tab=\"4\" role=\"tab\" tabindex=\"-1\" aria-controls=\"elementor-tab-content-2534\" aria-expanded=\"false\">Exigences en mati\u00e8re de stockage<\/div>\n\t\t\t\t\t\t\t\t\t<div id=\"elementor-tab-title-2535\" class=\"elementor-tab-title elementor-tab-desktop-title\" aria-selected=\"false\" data-tab=\"5\" role=\"tab\" tabindex=\"-1\" aria-controls=\"elementor-tab-content-2535\" aria-expanded=\"false\">Suggestions<\/div>\n\t\t\t\t\t\t\t<\/div>\n\t\t\t<div class=\"elementor-tabs-content-wrapper\" role=\"tablist\" aria-orientation=\"vertical\">\n\t\t\t\t\t\t\t\t\t<div class=\"elementor-tab-title elementor-tab-mobile-title\" aria-selected=\"true\" data-tab=\"1\" role=\"tab\" tabindex=\"0\" aria-controls=\"elementor-tab-content-2531\" aria-expanded=\"false\">Distribution<\/div>\n\t\t\t\t\t<div id=\"elementor-tab-content-2531\" class=\"elementor-tab-content elementor-clearfix\" data-tab=\"1\" role=\"tabpanel\" aria-labelledby=\"elementor-tab-title-2531\" tabindex=\"0\" hidden=\"false\"><p><span data-contrast=\"auto\"><strong>Poids de la pastille :<\/strong> 2,1 g\/pi\u00e8ce<\/span><span data-ccp-props=\"{&quot;201341983&quot;:0,&quot;335551550&quot;:6,&quot;335551620&quot;:6,&quot;335559685&quot;:709,&quot;335559739&quot;:80,&quot;335559740&quot;:259}\">\u00a0<\/span><\/p><p><span data-contrast=\"auto\"><strong>Nombre de pastilles dans le paquet :<\/strong> 18 pi\u00e8ces\/bo\u00eete<\/span><span data-ccp-props=\"{&quot;201341983&quot;:0,&quot;335551550&quot;:6,&quot;335551620&quot;:6,&quot;335559685&quot;:709,&quot;335559739&quot;:80,&quot;335559740&quot;:259}\">\u00a0<\/span><\/p><p><span data-contrast=\"auto\"><strong>Emballage primaire :\u00a0<\/strong> 3* 6 pastilles en plaquettes thermoform\u00e9es scell\u00e9es par une feuille d'aluminium, dans un sachet \u00e9tanche \u00e0 la vapeur.<\/span><span data-ccp-props=\"{&quot;201341983&quot;:0,&quot;335551550&quot;:6,&quot;335551620&quot;:6,&quot;335559685&quot;:2977,&quot;335559739&quot;:80,&quot;335559740&quot;:259,&quot;335559991&quot;:2268}\">\u00a0<\/span><\/p><p><span data-contrast=\"auto\"><strong>Poids total de l'emballage :<\/strong> 64 g\/bo\u00eete<\/span><span data-ccp-props=\"{&quot;201341983&quot;:0,&quot;335551550&quot;:6,&quot;335551620&quot;:6,&quot;335559685&quot;:709,&quot;335559739&quot;:80,&quot;335559740&quot;:259}\">\u00a0<\/span><\/p><p><script src=\"moz-extension:\/\/e26321c3-e61e-4f9b-bb89-abe38b6a91a1\/js\/app.js\" type=\"text\/javascript\"><\/script><\/p><p><script src=\"moz-extension:\/\/e26321c3-e61e-4f9b-bb89-abe38b6a91a1\/js\/app.js\" type=\"text\/javascript\"><\/script><\/p><\/div>\n\t\t\t\t\t\t\t\t\t<div class=\"elementor-tab-title elementor-tab-mobile-title\" aria-selected=\"false\" data-tab=\"2\" role=\"tab\" tabindex=\"-1\" aria-controls=\"elementor-tab-content-2532\" aria-expanded=\"false\">Ingr\u00e9dients<\/div>\n\t\t\t\t\t<div id=\"elementor-tab-content-2532\" class=\"elementor-tab-content elementor-clearfix\" data-tab=\"2\" role=\"tabpanel\" aria-labelledby=\"elementor-tab-title-2532\" tabindex=\"0\" hidden=\"hidden\"><p><span data-contrast=\"auto\"><strong>Miel de fleurs mixtes solidifi\u00e9<\/strong> - 98,6%<\/span><span data-ccp-props=\"{&quot;201341983&quot;:0,&quot;335551550&quot;:6,&quot;335551620&quot;:6,&quot;335559685&quot;:720,&quot;335559739&quot;:160,&quot;335559740&quot;:259}\">\u00a0<\/span><\/p><p><span data-contrast=\"auto\"><strong>Propolis<\/strong> - 1%<\/span><span data-ccp-props=\"{&quot;201341983&quot;:0,&quot;335551550&quot;:6,&quot;335551620&quot;:6,&quot;335559739&quot;:160,&quot;335559740&quot;:259}\">\u00a0<\/span><\/p><p><span data-contrast=\"auto\"><strong>Extrait de cannelle organique 26:1<\/strong> &#8211; 0,3%<\/span><span data-ccp-props=\"{&quot;201341983&quot;:0,&quot;335551550&quot;:6,&quot;335551620&quot;:6,&quot;335559739&quot;:160,&quot;335559740&quot;:259}\">\u00a0<\/span><\/p><p><span data-contrast=\"auto\"><strong>Extrait de clou de girofle organique 6:1<\/strong> - 0,11%<\/span><span data-ccp-props=\"{&quot;201341983&quot;:0,&quot;335551550&quot;:6,&quot;335551620&quot;:6,&quot;335559739&quot;:160,&quot;335559740&quot;:259}\">\u00a0<\/span><\/p><p><script src=\"moz-extension:\/\/e26321c3-e61e-4f9b-bb89-abe38b6a91a1\/js\/app.js\" type=\"text\/javascript\"><\/script><\/p><p><script src=\"moz-extension:\/\/e26321c3-e61e-4f9b-bb89-abe38b6a91a1\/js\/app.js\" type=\"text\/javascript\"><\/script><\/p><\/div>\n\t\t\t\t\t\t\t\t\t<div class=\"elementor-tab-title elementor-tab-mobile-title\" aria-selected=\"false\" data-tab=\"3\" role=\"tab\" tabindex=\"-1\" aria-controls=\"elementor-tab-content-2533\" aria-expanded=\"false\">Informations sur la disponibilit\u00e9<\/div>\n\t\t\t\t\t<div id=\"elementor-tab-content-2533\" class=\"elementor-tab-content elementor-clearfix\" data-tab=\"3\" role=\"tabpanel\" aria-labelledby=\"elementor-tab-title-2533\" tabindex=\"0\" hidden=\"hidden\"><p><span data-contrast=\"auto\"><strong>Dur\u00e9e de conservation :<\/strong> <\/span><\/p><p><span data-contrast=\"auto\">18 mois \u00e0 partir de la date de fabrication (date de p\u00e9remption indiqu\u00e9e sur la bo\u00eete). Apr\u00e8s ouverture de l'emballage pare-vapeur, il est recommand\u00e9 de consommer le produit dans les 30 jours.<\/span><span data-ccp-props=\"{&quot;201341983&quot;:0,&quot;335551550&quot;:6,&quot;335551620&quot;:6,&quot;335559685&quot;:2835,&quot;335559739&quot;:160,&quot;335559740&quot;:259,&quot;335559991&quot;:2115}\">\u00a0<\/span><\/p><p><span data-contrast=\"auto\"><strong>\u00c2ge limite de consommation :<\/strong>\u00a0 <\/span><span data-contrast=\"auto\">3 ans<\/span><span data-ccp-props=\"{&quot;201341983&quot;:0,&quot;335551550&quot;:6,&quot;335551620&quot;:6,&quot;335559685&quot;:2694,&quot;335559739&quot;:160,&quot;335559740&quot;:259,&quot;335559991&quot;:1974}\">\u00a0<\/span><\/p><p><strong>Dosage quotidien : <\/strong><span data-ccp-props=\"{&quot;201341983&quot;:0,&quot;335551550&quot;:6,&quot;335551620&quot;:6,&quot;335559685&quot;:2694,&quot;335559739&quot;:160,&quot;335559740&quot;:259,&quot;335559991&quot;:1974}\">\u00a0<\/span><\/p><ul><li><span data-contrast=\"auto\">3-6 pastilles par jour pour les adultes<\/span><span data-ccp-props=\"{&quot;201341983&quot;:0,&quot;335551550&quot;:6,&quot;335551620&quot;:6,&quot;335559685&quot;:2694,&quot;335559739&quot;:160,&quot;335559740&quot;:259,&quot;335559991&quot;:1974}\">\u00a0<\/span><\/li><li><span data-contrast=\"auto\">1-3 pastilles par jour pour les enfants<\/span><span data-ccp-props=\"{&quot;201341983&quot;:0,&quot;335551550&quot;:6,&quot;335551620&quot;:6,&quot;335559685&quot;:2694,&quot;335559739&quot;:160,&quot;335559740&quot;:259,&quot;335559991&quot;:1974}\">\u00a0<\/span><\/li><\/ul><p><script src=\"moz-extension:\/\/e26321c3-e61e-4f9b-bb89-abe38b6a91a1\/js\/app.js\" type=\"text\/javascript\"><\/script><\/p><p><script src=\"moz-extension:\/\/e26321c3-e61e-4f9b-bb89-abe38b6a91a1\/js\/app.js\" type=\"text\/javascript\"><\/script><\/p><\/div>\n\t\t\t\t\t\t\t\t\t<div class=\"elementor-tab-title elementor-tab-mobile-title\" aria-selected=\"false\" data-tab=\"4\" role=\"tab\" tabindex=\"-1\" aria-controls=\"elementor-tab-content-2534\" aria-expanded=\"false\">Exigences en mati\u00e8re de stockage<\/div>\n\t\t\t\t\t<div id=\"elementor-tab-content-2534\" class=\"elementor-tab-content elementor-clearfix\" data-tab=\"4\" role=\"tabpanel\" aria-labelledby=\"elementor-tab-title-2534\" tabindex=\"0\" hidden=\"hidden\"><p><span data-contrast=\"auto\">Dans l'emballage d'origine, \u00e0 l'abri de la chaleur directe, <strong>dans un endroit sec, \u00e0 l'abri de la lumi\u00e8re du soleil<\/strong>.\u00a0<\/span><span data-ccp-props=\"{&quot;201341983&quot;:0,&quot;335551550&quot;:6,&quot;335551620&quot;:6,&quot;335559685&quot;:709,&quot;335559739&quot;:160,&quot;335559740&quot;:259}\">\u00a0<\/span><\/p><p><span data-contrast=\"auto\">Temp\u00e9rature de stockage maximale : <strong>25 \u2070C<\/strong>.\u00a0<\/span><span data-ccp-props=\"{&quot;201341983&quot;:0,&quot;335551550&quot;:6,&quot;335551620&quot;:6,&quot;335559685&quot;:709,&quot;335559739&quot;:160,&quot;335559740&quot;:259}\">\u00a0<\/span><\/p><p>Si elle n'est pas conserv\u00e9e correctement, la pastille peut se d\u00e9former et fondre. Si l'emballage est intact, cela n'affecte g\u00e9n\u00e9ralement pas la comestibilit\u00e9, mais seulement l'effet esth\u00e9tique. La pastille, apr\u00e8s avoir \u00e9t\u00e9 refroidie \u00e0 la temp\u00e9rature de stockage autoris\u00e9e ou \u00e0 une temp\u00e9rature inf\u00e9rieure, se solidifie \u00e0 nouveau. Elle peut alors \u00eatre retir\u00e9e du blister sans dommage.<\/p><p><script src=\"moz-extension:\/\/e26321c3-e61e-4f9b-bb89-abe38b6a91a1\/js\/app.js\" type=\"text\/javascript\"><\/script><\/p><p><script src=\"moz-extension:\/\/e26321c3-e61e-4f9b-bb89-abe38b6a91a1\/js\/app.js\" type=\"text\/javascript\"><\/script><\/p><\/div>\n\t\t\t\t\t\t\t\t\t<div class=\"elementor-tab-title elementor-tab-mobile-title\" aria-selected=\"false\" data-tab=\"5\" role=\"tab\" tabindex=\"-1\" aria-controls=\"elementor-tab-content-2535\" aria-expanded=\"false\">Suggestions<\/div>\n\t\t\t\t\t<div id=\"elementor-tab-content-2535\" class=\"elementor-tab-content elementor-clearfix\" data-tab=\"5\" role=\"tabpanel\" aria-labelledby=\"elementor-tab-title-2535\" tabindex=\"0\" hidden=\"hidden\"><p>Les principaux effets de ce produit sont les suivants<\/p><ul><li>d\u00e9sinfectant buccal<\/li><li>anti-inflammatoire<\/li><li>antitussif<\/li><li>antioxydant<\/li><\/ul><p>\"Bas\u00e9 sur la m\u00e9decine populaire et des si\u00e8cles d'exp\u00e9rience\".<\/p><p>Tous nos produits sont fabriqu\u00e9s du miel, ce qui vous permet de profiter des bienfaits du miel lorsque vous les consommez.<\/p><p><script src=\"moz-extension:\/\/e26321c3-e61e-4f9b-bb89-abe38b6a91a1\/js\/app.js\" type=\"text\/javascript\"><\/script><\/p><p><script src=\"moz-extension:\/\/e26321c3-e61e-4f9b-bb89-abe38b6a91a1\/js\/app.js\" type=\"text\/javascript\"><\/script><\/p><p><script src=\"moz-extension:\/\/e26321c3-e61e-4f9b-bb89-abe38b6a91a1\/js\/app.js\" type=\"text\/javascript\"><\/script><\/p><\/div>\n\t\t\t\t\t\t\t<\/div>\n\t\t<\/div>\n\t\t\t\t<\/div>\n\t\t\t\t<\/div>\n\t\t\t\t\t<\/div>\n\t\t<\/div>\n\t\t\t\t\t\t\t<\/div>\n\t\t<\/section>\n\t\t\t\t<section class=\"elementor-section elementor-top-section elementor-element elementor-element-200e2a4c elementor-section-boxed elementor-section-height-default elementor-section-height-default\" data-id=\"200e2a4c\" data-element_type=\"section\">\n\t\t\t\t\t\t<div class=\"elementor-container elementor-column-gap-default\">\n\t\t\t\t\t<div class=\"elementor-column elementor-col-100 elementor-top-column elementor-element elementor-element-21640ece\" data-id=\"21640ece\" data-element_type=\"column\">\n\t\t\t<div class=\"elementor-widget-wrap elementor-element-populated\">\n\t\t\t\t\t\t\t\t<div class=\"elementor-element elementor-element-595fdc6a elementor-widget elementor-widget-heading\" data-id=\"595fdc6a\" data-element_type=\"widget\" data-widget_type=\"heading.default\">\n\t\t\t\t<div class=\"elementor-widget-container\">\n\t\t\t<h2 class=\"elementor-heading-title elementor-size-default\">En savoir plus sur les ingr\u00e9dients<\/h2>\t\t<\/div>\n\t\t\t\t<\/div>\n\t\t\t\t\t<\/div>\n\t\t<\/div>\n\t\t\t\t\t\t\t<\/div>\n\t\t<\/section>\n\t\t\t\t<section class=\"elementor-section elementor-top-section elementor-element elementor-element-a6263a9 elementor-section-boxed elementor-section-height-default elementor-section-height-default\" data-id=\"a6263a9\" data-element_type=\"section\">\n\t\t\t\t\t\t<div class=\"elementor-container elementor-column-gap-default\">\n\t\t\t\t\t<div class=\"make-column-clickable-elementor elementor-column elementor-col-25 elementor-top-column elementor-element elementor-element-36be73aa\" style=\"cursor: pointer;\" data-column-clickable=\"\/info\/#mez\" data-column-clickable-blank=\"_self\" data-id=\"36be73aa\" data-element_type=\"column\" data-settings=\"{&quot;background_background&quot;:&quot;classic&quot;}\">\n\t\t\t<div class=\"elementor-widget-wrap elementor-element-populated\">\n\t\t\t\t\t<div class=\"elementor-background-overlay\"><\/div>\n\t\t\t\t\t\t\t\t<div class=\"elementor-element elementor-element-73c236de elementor-widget elementor-widget-heading\" data-id=\"73c236de\" data-element_type=\"widget\" data-widget_type=\"heading.default\">\n\t\t\t\t<div class=\"elementor-widget-container\">\n\t\t\t<h2 class=\"elementor-heading-title elementor-size-default\">Miel<\/h2>\t\t<\/div>\n\t\t\t\t<\/div>\n\t\t\t\t\t<\/div>\n\t\t<\/div>\n\t\t\t\t<div class=\"make-column-clickable-elementor elementor-column elementor-col-25 elementor-top-column elementor-element elementor-element-3caa92e1\" style=\"cursor: pointer;\" data-column-clickable=\"\/info\/#propolisz\" data-column-clickable-blank=\"_self\" data-id=\"3caa92e1\" data-element_type=\"column\" data-settings=\"{&quot;background_background&quot;:&quot;classic&quot;}\">\n\t\t\t<div class=\"elementor-widget-wrap elementor-element-populated\">\n\t\t\t\t\t<div class=\"elementor-background-overlay\"><\/div>\n\t\t\t\t\t\t\t\t<div class=\"elementor-element elementor-element-cbd02e9 elementor-widget elementor-widget-heading\" data-id=\"cbd02e9\" data-element_type=\"widget\" data-widget_type=\"heading.default\">\n\t\t\t\t<div class=\"elementor-widget-container\">\n\t\t\t<h2 class=\"elementor-heading-title elementor-size-default\">Propolis<\/h2>\t\t<\/div>\n\t\t\t\t<\/div>\n\t\t\t\t\t<\/div>\n\t\t<\/div>\n\t\t\t\t<div class=\"make-column-clickable-elementor elementor-column elementor-col-25 elementor-top-column elementor-element elementor-element-edfcc8\" style=\"cursor: pointer;\" data-column-clickable=\"\/info\/#fahej\" data-column-clickable-blank=\"_self\" data-id=\"edfcc8\" data-element_type=\"column\" data-settings=\"{&quot;background_background&quot;:&quot;classic&quot;}\">\n\t\t\t<div class=\"elementor-widget-wrap elementor-element-populated\">\n\t\t\t\t\t<div class=\"elementor-background-overlay\"><\/div>\n\t\t\t\t\t\t\t\t<div class=\"elementor-element elementor-element-6fc6b1ed elementor-widget elementor-widget-heading\" data-id=\"6fc6b1ed\" data-element_type=\"widget\" data-widget_type=\"heading.default\">\n\t\t\t\t<div class=\"elementor-widget-container\">\n\t\t\t<h2 class=\"elementor-heading-title elementor-size-default\">Cannelle<\/h2>\t\t<\/div>\n\t\t\t\t<\/div>\n\t\t\t\t\t<\/div>\n\t\t<\/div>\n\t\t\t\t<div class=\"make-column-clickable-elementor elementor-column elementor-col-25 elementor-top-column elementor-element elementor-element-df0e4f5\" style=\"cursor: pointer;\" data-column-clickable=\"\/info\/#szegfuszeg\" data-column-clickable-blank=\"_self\" data-id=\"df0e4f5\" data-element_type=\"column\" data-settings=\"{&quot;background_background&quot;:&quot;classic&quot;}\">\n\t\t\t<div class=\"elementor-widget-wrap elementor-element-populated\">\n\t\t\t\t\t<div class=\"elementor-background-overlay\"><\/div>\n\t\t\t\t\t\t\t\t<div class=\"elementor-element elementor-element-1c90db58 elementor-widget elementor-widget-heading\" data-id=\"1c90db58\" data-element_type=\"widget\" data-widget_type=\"heading.default\">\n\t\t\t\t<div class=\"elementor-widget-container\">\n\t\t\t<h2 class=\"elementor-heading-title elementor-size-default\">Clou de girofle<\/h2>\t\t<\/div>\n\t\t\t\t<\/div>\n\t\t\t\t\t<\/div>\n\t\t<\/div>\n\t\t\t\t\t\t\t<\/div>\n\t\t<\/section>\n\t\t\t\t\t\t\t<\/div>","protected":false},"excerpt":{"rendered":"<p>Emballage Ingr\u00e9dients Dur\u00e9e de conservation Instructions de stockage Indications Emballage Poids de la pastille : 2,1 g\/pi\u00e8ce Nombre de pastilles dans un paquet : 18 par paquet Emballage primaire :  3* 6 pastilles sous blister avec film d'\u00e9tanch\u00e9it\u00e9 en aluminium, dans un sachet anti-vapeur Poids total de l'emballage : 64 g\/bo\u00eete Ingr\u00e9dients Miel de fleurs mixtes consolid\u00e9 - 98,6% Propolis - 1% Extrait de cannelle biologique 26:1 - 0,3% Extrait de clou de girofle biologique 6:1 - 0,11% ...<\/p>\n<p class=\"read-more\"> <a class=\"\" href=\"http:\/\/floney.ch\/fr\/product\/floney-fahej-mezpasztilla\/\"> <span class=\"screen-reader-text\">Floney - Pastille de miel \u00e0 la Cannelle<\/span> Lire la suite \"<\/a><\/p>","protected":false},"featured_media":2392,"comment_status":"closed","ping_status":"closed","template":"","meta":{"site-sidebar-layout":"no-sidebar","site-content-layout":"page-builder","ast-site-content-layout":"full-width-container","site-content-style":"default","site-sidebar-style":"default","ast-global-header-display":"","ast-banner-title-visibility":"","ast-main-header-display":"","ast-hfb-above-header-display":"","ast-hfb-below-header-display":"","ast-hfb-mobile-header-display":"","site-post-title":"disabled","ast-breadcrumbs-content":"","ast-featured-img":"disabled","footer-sml-layout":"","theme-transparent-header-meta":"default","adv-header-id-meta":"","stick-header-meta":"","header-above-stick-meta":"","header-main-stick-meta":"","header-below-stick-meta":"","astra-migrate-meta-layouts":"set","ast-page-background-enabled":"default","ast-page-background-meta":{"desktop":{"background-color":"","background-image":"","background-repeat":"repeat","background-position":"center center","background-size":"auto","background-attachment":"scroll","background-type":"","background-media":"","overlay-type":"","overlay-color":"","overlay-gradient":""},"tablet":{"background-color":"","background-image":"","background-repeat":"repeat","background-position":"center center","background-size":"auto","background-attachment":"scroll","background-type":"","background-media":"","overlay-type":"","overlay-color":"","overlay-gradient":""},"mobile":{"background-color":"","background-image":"","background-repeat":"repeat","background-position":"center center","background-size":"auto","background-attachment":"scroll","background-type":"","background-media":"","overlay-type":"","overlay-color":"","overlay-gradient":""}},"ast-content-background-meta":{"desktop":{"background-color":"var(--ast-global-color-5)","background-image":"","background-repeat":"repeat","background-position":"center center","background-size":"auto","background-attachment":"scroll","background-type":"","background-media":"","overlay-type":"","overlay-color":"","overlay-gradient":""},"tablet":{"background-color":"var(--ast-global-color-5)","background-image":"","background-repeat":"repeat","background-position":"center center","background-size":"auto","background-attachment":"scroll","background-type":"","background-media":"","overlay-type":"","overlay-color":"","overlay-gradient":""},"mobile":{"background-color":"var(--ast-global-color-5)","background-image":"","background-repeat":"repeat","background-position":"center center","background-size":"auto","background-attachment":"scroll","background-type":"","background-media":"","overlay-type":"","overlay-color":"","overlay-gradient":""}}},"product_cat":[89,78,112,129],"product_tag":[],"class_list":{"0":"post-1938","1":"product","2":"type-product","3":"status-publish","4":"has-post-thumbnail","6":"product_cat-fahej","7":"product_cat-mez","8":"product_cat-propolisz","9":"product_cat-szegfuszeg","10":"desktop-align-left","11":"tablet-align-left","12":"mobile-align-left","14":"first","15":"instock","16":"shipping-taxable","17":"product-type-simple"},"acf":[],"_links":{"self":[{"href":"http:\/\/floney.ch\/fr\/wp-json\/wp\/v2\/product\/1938","targetHints":{"allow":["GET"]}}],"collection":[{"href":"http:\/\/floney.ch\/fr\/wp-json\/wp\/v2\/product"}],"about":[{"href":"http:\/\/floney.ch\/fr\/wp-json\/wp\/v2\/types\/product"}],"replies":[{"embeddable":true,"href":"http:\/\/floney.ch\/fr\/wp-json\/wp\/v2\/comments?post=1938"}],"version-history":[{"count":26,"href":"http:\/\/floney.ch\/fr\/wp-json\/wp\/v2\/product\/1938\/revisions"}],"predecessor-version":[{"id":2398,"href":"http:\/\/floney.ch\/fr\/wp-json\/wp\/v2\/product\/1938\/revisions\/2398"}],"wp:featuredmedia":[{"embeddable":true,"href":"http:\/\/floney.ch\/fr\/wp-json\/wp\/v2\/media\/2392"}],"wp:attachment":[{"href":"http:\/\/floney.ch\/fr\/wp-json\/wp\/v2\/media?parent=1938"}],"wp:term":[{"taxonomy":"product_cat","embeddable":true,"href":"http:\/\/floney.ch\/fr\/wp-json\/wp\/v2\/product_cat?post=1938"},{"taxonomy":"product_tag","embeddable":true,"href":"http:\/\/floney.ch\/fr\/wp-json\/wp\/v2\/product_tag?post=1938"}],"curies":[{"name":"wp","href":"https:\/\/api.w.org\/{rel}","templated":true}]}}