{"id":2057,"date":"2024-01-18T13:06:16","date_gmt":"2024-01-18T13:06:16","guid":{"rendered":"https:\/\/floney.ch\/?post_type=product&#038;p=2057"},"modified":"2025-05-09T11:11:20","modified_gmt":"2025-05-09T11:11:20","slug":"floney-immunbomba-mezpasztilla","status":"publish","type":"product","link":"http:\/\/floney.ch\/fr\/product\/floney-immunbomba-mezpasztilla\/","title":{"rendered":"Floney - Immune Bomb pastille de miel"},"content":{"rendered":"<div data-elementor-type=\"product-post\" data-elementor-id=\"2057\" class=\"elementor elementor-2057\" data-elementor-post-type=\"product\">\n\t\t\t\t\t\t\t\t\t<section class=\"elementor-section elementor-top-section elementor-element elementor-element-40c72f54 elementor-section-boxed elementor-section-height-default elementor-section-height-default\" data-id=\"40c72f54\" data-element_type=\"section\">\n\t\t\t\t\t\t<div class=\"elementor-container elementor-column-gap-default\">\n\t\t\t\t\t<div class=\"elementor-column elementor-col-100 elementor-top-column elementor-element elementor-element-2d31a4a6\" data-id=\"2d31a4a6\" data-element_type=\"column\">\n\t\t\t<div class=\"elementor-widget-wrap elementor-element-populated\">\n\t\t\t\t\t\t\t\t<div class=\"elementor-element elementor-element-4b66cbb8 elementor-widget elementor-widget-text-editor\" data-id=\"4b66cbb8\" data-element_type=\"widget\" data-widget_type=\"text-editor.default\">\n\t\t\t\t<div class=\"elementor-widget-container\">\n\t\t\t\t\t\t\t&nbsp;\r\n\r\n<script src=\"moz-extension:\/\/e26321c3-e61e-4f9b-bb89-abe38b6a91a1\/js\/app.js\" type=\"text\/javascript\"><\/script>\t\t\t\t\t\t<\/div>\n\t\t\t\t<\/div>\n\t\t\t\t\t<\/div>\n\t\t<\/div>\n\t\t\t\t\t\t\t<\/div>\n\t\t<\/section>\n\t\t\t\t<section class=\"elementor-section elementor-top-section elementor-element elementor-element-17bac7e2 elementor-section-boxed elementor-section-height-default elementor-section-height-default\" data-id=\"17bac7e2\" data-element_type=\"section\">\n\t\t\t\t\t\t<div class=\"elementor-container elementor-column-gap-default\">\n\t\t\t\t\t<div class=\"elementor-column elementor-col-100 elementor-top-column elementor-element elementor-element-65678160\" data-id=\"65678160\" data-element_type=\"column\">\n\t\t\t<div class=\"elementor-widget-wrap elementor-element-populated\">\n\t\t\t\t\t\t\t\t<div class=\"elementor-element elementor-element-1274199b elementor-tabs-view-horizontal elementor-widget elementor-widget-tabs\" data-id=\"1274199b\" data-element_type=\"widget\" data-widget_type=\"tabs.default\">\n\t\t\t\t<div class=\"elementor-widget-container\">\n\t\t\t\t\t<div class=\"elementor-tabs\">\n\t\t\t<div class=\"elementor-tabs-wrapper\" role=\"tablist\" >\n\t\t\t\t\t\t\t\t\t<div id=\"elementor-tab-title-3091\" class=\"elementor-tab-title elementor-tab-desktop-title\" aria-selected=\"true\" data-tab=\"1\" role=\"tab\" tabindex=\"0\" aria-controls=\"elementor-tab-content-3091\" aria-expanded=\"false\">Distribution<\/div>\n\t\t\t\t\t\t\t\t\t<div id=\"elementor-tab-title-3092\" class=\"elementor-tab-title elementor-tab-desktop-title\" aria-selected=\"false\" data-tab=\"2\" role=\"tab\" tabindex=\"-1\" aria-controls=\"elementor-tab-content-3092\" aria-expanded=\"false\">Ingr\u00e9dients<\/div>\n\t\t\t\t\t\t\t\t\t<div id=\"elementor-tab-title-3093\" class=\"elementor-tab-title elementor-tab-desktop-title\" aria-selected=\"false\" data-tab=\"3\" role=\"tab\" tabindex=\"-1\" aria-controls=\"elementor-tab-content-3093\" aria-expanded=\"false\">Informations sur la disponibilit\u00e9<\/div>\n\t\t\t\t\t\t\t\t\t<div id=\"elementor-tab-title-3094\" class=\"elementor-tab-title elementor-tab-desktop-title\" aria-selected=\"false\" data-tab=\"4\" role=\"tab\" tabindex=\"-1\" aria-controls=\"elementor-tab-content-3094\" aria-expanded=\"false\">Exigences en mati\u00e8re de stockage<\/div>\n\t\t\t\t\t\t\t\t\t<div id=\"elementor-tab-title-3095\" class=\"elementor-tab-title elementor-tab-desktop-title\" aria-selected=\"false\" data-tab=\"5\" role=\"tab\" tabindex=\"-1\" aria-controls=\"elementor-tab-content-3095\" aria-expanded=\"false\">Suggestions<\/div>\n\t\t\t\t\t\t\t<\/div>\n\t\t\t<div class=\"elementor-tabs-content-wrapper\" role=\"tablist\" aria-orientation=\"vertical\">\n\t\t\t\t\t\t\t\t\t<div class=\"elementor-tab-title elementor-tab-mobile-title\" aria-selected=\"true\" data-tab=\"1\" role=\"tab\" tabindex=\"0\" aria-controls=\"elementor-tab-content-3091\" aria-expanded=\"false\">Distribution<\/div>\n\t\t\t\t\t<div id=\"elementor-tab-content-3091\" class=\"elementor-tab-content elementor-clearfix\" data-tab=\"1\" role=\"tabpanel\" aria-labelledby=\"elementor-tab-title-3091\" tabindex=\"0\" hidden=\"false\"><p><span data-contrast=\"auto\"><strong>Poids de la pastille :<\/strong> 2,1 g\/pi\u00e8ce<\/span><span data-ccp-props=\"{&quot;201341983&quot;:0,&quot;335551550&quot;:6,&quot;335551620&quot;:6,&quot;335559685&quot;:709,&quot;335559739&quot;:80,&quot;335559740&quot;:259}\">\u00a0<\/span><\/p><p><span data-contrast=\"auto\"><strong>Nombre de pastilles dans le paquet :<\/strong> 18 pi\u00e8ces\/bo\u00eete<\/span><span data-ccp-props=\"{&quot;201341983&quot;:0,&quot;335551550&quot;:6,&quot;335551620&quot;:6,&quot;335559685&quot;:709,&quot;335559739&quot;:80,&quot;335559740&quot;:259}\">\u00a0<\/span><\/p><p><span data-contrast=\"auto\"><strong>Emballage primaire :\u00a0<\/strong> 3* 6 pastilles en plaquettes thermoform\u00e9es scell\u00e9es par une feuille d'aluminium, dans un sachet \u00e9tanche \u00e0 la vapeur.<\/span><span data-ccp-props=\"{&quot;201341983&quot;:0,&quot;335551550&quot;:6,&quot;335551620&quot;:6,&quot;335559685&quot;:2977,&quot;335559739&quot;:80,&quot;335559740&quot;:259,&quot;335559991&quot;:2268}\">\u00a0<\/span><\/p><p><span data-contrast=\"auto\"><strong>Poids total de l'emballage :<\/strong> 64 g\/bo\u00eete<\/span><span data-ccp-props=\"{&quot;201341983&quot;:0,&quot;335551550&quot;:6,&quot;335551620&quot;:6,&quot;335559685&quot;:709,&quot;335559739&quot;:80,&quot;335559740&quot;:259}\">\u00a0<\/span><\/p><p><script src=\"moz-extension:\/\/e26321c3-e61e-4f9b-bb89-abe38b6a91a1\/js\/app.js\" type=\"text\/javascript\"><\/script><\/p><\/div>\n\t\t\t\t\t\t\t\t\t<div class=\"elementor-tab-title elementor-tab-mobile-title\" aria-selected=\"false\" data-tab=\"2\" role=\"tab\" tabindex=\"-1\" aria-controls=\"elementor-tab-content-3092\" aria-expanded=\"false\">Ingr\u00e9dients<\/div>\n\t\t\t\t\t<div id=\"elementor-tab-content-3092\" class=\"elementor-tab-content elementor-clearfix\" data-tab=\"2\" role=\"tabpanel\" aria-labelledby=\"elementor-tab-title-3092\" tabindex=\"0\" hidden=\"hidden\"><p><span data-contrast=\"auto\"><strong>Miel de fleurs mixtes solidifi\u00e9<\/strong> - 96,2%<\/span><span data-ccp-props=\"{&quot;201341983&quot;:0,&quot;335551550&quot;:6,&quot;335551620&quot;:6,&quot;335559685&quot;:720,&quot;335559739&quot;:160,&quot;335559740&quot;:259}\">\u00a0<\/span><\/p><p><span data-contrast=\"auto\"><strong>Propolis<\/strong> - 1%<\/span><span data-ccp-props=\"{&quot;201341983&quot;:0,&quot;335551550&quot;:6,&quot;335551620&quot;:6,&quot;335559739&quot;:160,&quot;335559740&quot;:259}\">\u00a0<\/span><\/p><p><span data-contrast=\"auto\"><strong>Echninacea Purpurea extrait sec 5:1<\/strong> - 1%<\/span><span data-ccp-props=\"{&quot;201341983&quot;:0,&quot;335551550&quot;:6,&quot;335551620&quot;:6,&quot;335559739&quot;:160,&quot;335559740&quot;:259}\">\u00a0<\/span><\/p><p><span data-contrast=\"auto\"><strong>Extrait d'argousier 10:1<\/strong> - 0,3%<\/span><span data-ccp-props=\"{&quot;201341983&quot;:0,&quot;335551550&quot;:6,&quot;335551620&quot;:6,&quot;335559739&quot;:160,&quot;335559740&quot;:259}\">\u00a0<\/span><\/p><p><span data-contrast=\"auto\"><strong>Camu-camu moulu \u00e0 sec<\/strong> &#8211;\u00a0 1,5%<\/span><span data-ccp-props=\"{&quot;201341983&quot;:0,&quot;335551550&quot;:6,&quot;335551620&quot;:6,&quot;335559739&quot;:160,&quot;335559740&quot;:259}\">\u00a0<\/span><\/p><p><script src=\"moz-extension:\/\/e26321c3-e61e-4f9b-bb89-abe38b6a91a1\/js\/app.js\" type=\"text\/javascript\"><\/script><\/p><\/div>\n\t\t\t\t\t\t\t\t\t<div class=\"elementor-tab-title elementor-tab-mobile-title\" aria-selected=\"false\" data-tab=\"3\" role=\"tab\" tabindex=\"-1\" aria-controls=\"elementor-tab-content-3093\" aria-expanded=\"false\">Informations sur la disponibilit\u00e9<\/div>\n\t\t\t\t\t<div id=\"elementor-tab-content-3093\" class=\"elementor-tab-content elementor-clearfix\" data-tab=\"3\" role=\"tabpanel\" aria-labelledby=\"elementor-tab-title-3093\" tabindex=\"0\" hidden=\"hidden\"><p><span data-contrast=\"auto\"><strong>Dur\u00e9e de conservation :<\/strong> <\/span><\/p><p><span data-contrast=\"auto\">18 mois \u00e0 partir de la date de fabrication (date de p\u00e9remption indiqu\u00e9e sur la bo\u00eete). Apr\u00e8s ouverture de l'emballage pare-vapeur, il est recommand\u00e9 de consommer le produit dans les 30 jours.<\/span><span data-ccp-props=\"{&quot;201341983&quot;:0,&quot;335551550&quot;:6,&quot;335551620&quot;:6,&quot;335559685&quot;:2835,&quot;335559739&quot;:160,&quot;335559740&quot;:259,&quot;335559991&quot;:2115}\">\u00a0<\/span><\/p><p><span data-contrast=\"auto\"><strong>\u00c2ge limite de consommation :<\/strong>\u00a0 <\/span><span data-contrast=\"auto\">3 ans<\/span><span data-ccp-props=\"{&quot;201341983&quot;:0,&quot;335551550&quot;:6,&quot;335551620&quot;:6,&quot;335559685&quot;:2694,&quot;335559739&quot;:160,&quot;335559740&quot;:259,&quot;335559991&quot;:1974}\">\u00a0<\/span><\/p><p><strong>Dosage quotidien : <\/strong><span data-ccp-props=\"{&quot;201341983&quot;:0,&quot;335551550&quot;:6,&quot;335551620&quot;:6,&quot;335559685&quot;:2694,&quot;335559739&quot;:160,&quot;335559740&quot;:259,&quot;335559991&quot;:1974}\">\u00a0<\/span><\/p><ul><li><span data-contrast=\"auto\">3-6 pastilles par jour pour les adultes<\/span><span data-ccp-props=\"{&quot;201341983&quot;:0,&quot;335551550&quot;:6,&quot;335551620&quot;:6,&quot;335559685&quot;:2694,&quot;335559739&quot;:160,&quot;335559740&quot;:259,&quot;335559991&quot;:1974}\">\u00a0<\/span><\/li><li><span data-contrast=\"auto\">1-3 pastilles par jour pour les enfants<\/span><span data-ccp-props=\"{&quot;201341983&quot;:0,&quot;335551550&quot;:6,&quot;335551620&quot;:6,&quot;335559685&quot;:2694,&quot;335559739&quot;:160,&quot;335559740&quot;:259,&quot;335559991&quot;:1974}\">\u00a0<\/span><\/li><\/ul><p><script src=\"moz-extension:\/\/e26321c3-e61e-4f9b-bb89-abe38b6a91a1\/js\/app.js\" type=\"text\/javascript\"><\/script><\/p><\/div>\n\t\t\t\t\t\t\t\t\t<div class=\"elementor-tab-title elementor-tab-mobile-title\" aria-selected=\"false\" data-tab=\"4\" role=\"tab\" tabindex=\"-1\" aria-controls=\"elementor-tab-content-3094\" aria-expanded=\"false\">Exigences en mati\u00e8re de stockage<\/div>\n\t\t\t\t\t<div id=\"elementor-tab-content-3094\" class=\"elementor-tab-content elementor-clearfix\" data-tab=\"4\" role=\"tabpanel\" aria-labelledby=\"elementor-tab-title-3094\" tabindex=\"0\" hidden=\"hidden\"><p><span data-contrast=\"auto\">Dans l'emballage d'origine, \u00e0 l'abri de la chaleur directe, <strong>dans un endroit sec, \u00e0 l'abri de la lumi\u00e8re du soleil<\/strong>.\u00a0<\/span><span data-ccp-props=\"{&quot;201341983&quot;:0,&quot;335551550&quot;:6,&quot;335551620&quot;:6,&quot;335559685&quot;:709,&quot;335559739&quot;:160,&quot;335559740&quot;:259}\">\u00a0<\/span><\/p><p><span data-contrast=\"auto\">Temp\u00e9rature de stockage maximale : <strong>25 \u2070C<\/strong>.\u00a0<\/span>\u00a0<\/p><p><span data-contrast=\"auto\">Si elle n'est pas conserv\u00e9e correctement, la pastille peut se d\u00e9former et fondre. Si l'emballage est intact, cela n'affecte g\u00e9n\u00e9ralement pas la comestibilit\u00e9, mais seulement l'effet esth\u00e9tique. La pastille, apr\u00e8s avoir \u00e9t\u00e9 refroidie \u00e0 la temp\u00e9rature de stockage autoris\u00e9e ou \u00e0 une temp\u00e9rature inf\u00e9rieure, se solidifie \u00e0 nouveau. Elle peut alors \u00eatre retir\u00e9e du blister sans dommage.<\/span><span data-ccp-props=\"{&quot;201341983&quot;:0,&quot;335551550&quot;:6,&quot;335551620&quot;:6,&quot;335559685&quot;:709,&quot;335559739&quot;:160,&quot;335559740&quot;:259}\">\u00a0<\/span><\/p><p><script src=\"moz-extension:\/\/e26321c3-e61e-4f9b-bb89-abe38b6a91a1\/js\/app.js\" type=\"text\/javascript\"><\/script><\/p><p><script src=\"moz-extension:\/\/e26321c3-e61e-4f9b-bb89-abe38b6a91a1\/js\/app.js\" type=\"text\/javascript\"><\/script><\/p><\/div>\n\t\t\t\t\t\t\t\t\t<div class=\"elementor-tab-title elementor-tab-mobile-title\" aria-selected=\"false\" data-tab=\"5\" role=\"tab\" tabindex=\"-1\" aria-controls=\"elementor-tab-content-3095\" aria-expanded=\"false\">Suggestions<\/div>\n\t\t\t\t\t<div id=\"elementor-tab-content-3095\" class=\"elementor-tab-content elementor-clearfix\" data-tab=\"5\" role=\"tabpanel\" aria-labelledby=\"elementor-tab-title-3095\" tabindex=\"0\" hidden=\"hidden\"><p>Les principaux effets de ce produit sont les suivants<\/p><ul><li>Renforcement du syst\u00e8me immunitaire<\/li><li>anti-inflammatoire<\/li><li>antioxydant<\/li><li>am\u00e9liore le m\u00e9tabolisme<\/li><\/ul><p>\"Bas\u00e9 sur la m\u00e9decine populaire et des si\u00e8cles d'exp\u00e9rience\".<\/p><p>Tous nos produits sont fabriqu\u00e9s du miel, ce qui vous permet de profiter des bienfaits du miel lorsque vous les consommez.<\/p><p><script src=\"moz-extension:\/\/e26321c3-e61e-4f9b-bb89-abe38b6a91a1\/js\/app.js\" type=\"text\/javascript\"><\/script><\/p><\/div>\n\t\t\t\t\t\t\t<\/div>\n\t\t<\/div>\n\t\t\t\t<\/div>\n\t\t\t\t<\/div>\n\t\t\t\t\t<\/div>\n\t\t<\/div>\n\t\t\t\t\t\t\t<\/div>\n\t\t<\/section>\n\t\t\t\t<section class=\"elementor-section elementor-top-section elementor-element elementor-element-b4bcbe5 elementor-section-boxed elementor-section-height-default elementor-section-height-default\" data-id=\"b4bcbe5\" data-element_type=\"section\">\n\t\t\t\t\t\t<div class=\"elementor-container elementor-column-gap-default\">\n\t\t\t\t\t<div class=\"elementor-column elementor-col-100 elementor-top-column elementor-element elementor-element-30ca17c3\" data-id=\"30ca17c3\" data-element_type=\"column\">\n\t\t\t<div class=\"elementor-widget-wrap elementor-element-populated\">\n\t\t\t\t\t\t\t\t<div class=\"elementor-element elementor-element-7a6fad26 elementor-widget elementor-widget-heading\" data-id=\"7a6fad26\" data-element_type=\"widget\" data-widget_type=\"heading.default\">\n\t\t\t\t<div class=\"elementor-widget-container\">\n\t\t\t<h2 class=\"elementor-heading-title elementor-size-default\">En savoir plus sur les ingr\u00e9dients<\/h2>\t\t<\/div>\n\t\t\t\t<\/div>\n\t\t\t\t\t<\/div>\n\t\t<\/div>\n\t\t\t\t\t\t\t<\/div>\n\t\t<\/section>\n\t\t\t\t<section class=\"elementor-section elementor-top-section elementor-element elementor-element-8cc3f07 elementor-section-boxed elementor-section-height-default elementor-section-height-default\" data-id=\"8cc3f07\" data-element_type=\"section\">\n\t\t\t\t\t\t<div class=\"elementor-container elementor-column-gap-default\">\n\t\t\t\t\t<div class=\"make-column-clickable-elementor elementor-column elementor-col-20 elementor-top-column elementor-element elementor-element-3e88c4f1\" style=\"cursor: pointer;\" data-column-clickable=\"\/info\/#mez\" data-column-clickable-blank=\"_self\" data-id=\"3e88c4f1\" data-element_type=\"column\" data-settings=\"{&quot;background_background&quot;:&quot;classic&quot;}\">\n\t\t\t<div class=\"elementor-widget-wrap elementor-element-populated\">\n\t\t\t\t\t<div class=\"elementor-background-overlay\"><\/div>\n\t\t\t\t\t\t\t\t<div class=\"elementor-element elementor-element-5b8d218 elementor-widget elementor-widget-heading\" data-id=\"5b8d218\" data-element_type=\"widget\" data-widget_type=\"heading.default\">\n\t\t\t\t<div class=\"elementor-widget-container\">\n\t\t\t<h2 class=\"elementor-heading-title elementor-size-default\">Miel<\/h2>\t\t<\/div>\n\t\t\t\t<\/div>\n\t\t\t\t\t<\/div>\n\t\t<\/div>\n\t\t\t\t<div class=\"make-column-clickable-elementor elementor-column elementor-col-20 elementor-top-column elementor-element elementor-element-446022f2\" style=\"cursor: pointer;\" data-column-clickable=\"\/info\/#propolisz\" data-column-clickable-blank=\"_self\" data-id=\"446022f2\" data-element_type=\"column\" data-settings=\"{&quot;background_background&quot;:&quot;classic&quot;}\">\n\t\t\t<div class=\"elementor-widget-wrap elementor-element-populated\">\n\t\t\t\t\t<div class=\"elementor-background-overlay\"><\/div>\n\t\t\t\t\t\t\t\t<div class=\"elementor-element elementor-element-417124a5 elementor-widget elementor-widget-heading\" data-id=\"417124a5\" data-element_type=\"widget\" data-widget_type=\"heading.default\">\n\t\t\t\t<div class=\"elementor-widget-container\">\n\t\t\t<h2 class=\"elementor-heading-title elementor-size-default\">Propolis<\/h2>\t\t<\/div>\n\t\t\t\t<\/div>\n\t\t\t\t\t<\/div>\n\t\t<\/div>\n\t\t\t\t<div class=\"make-column-clickable-elementor elementor-column elementor-col-20 elementor-top-column elementor-element elementor-element-1dfb321f\" style=\"cursor: pointer;\" data-column-clickable=\"\/info\/#echinacea\" data-column-clickable-blank=\"_self\" data-id=\"1dfb321f\" data-element_type=\"column\" data-settings=\"{&quot;background_background&quot;:&quot;classic&quot;}\">\n\t\t\t<div class=\"elementor-widget-wrap elementor-element-populated\">\n\t\t\t\t\t<div class=\"elementor-background-overlay\"><\/div>\n\t\t\t\t\t\t\t\t<div class=\"elementor-element elementor-element-64c37466 elementor-widget elementor-widget-heading\" data-id=\"64c37466\" data-element_type=\"widget\" data-widget_type=\"heading.default\">\n\t\t\t\t<div class=\"elementor-widget-container\">\n\t\t\t<h2 class=\"elementor-heading-title elementor-size-default\">Echinac\u00e9e<\/h2>\t\t<\/div>\n\t\t\t\t<\/div>\n\t\t\t\t\t<\/div>\n\t\t<\/div>\n\t\t\t\t<div class=\"make-column-clickable-elementor elementor-column elementor-col-20 elementor-top-column elementor-element elementor-element-788b8f78\" style=\"cursor: pointer;\" data-column-clickable=\"\/info\/#homoktovis\" data-column-clickable-blank=\"_self\" data-id=\"788b8f78\" data-element_type=\"column\" data-settings=\"{&quot;background_background&quot;:&quot;classic&quot;}\">\n\t\t\t<div class=\"elementor-widget-wrap elementor-element-populated\">\n\t\t\t\t\t<div class=\"elementor-background-overlay\"><\/div>\n\t\t\t\t\t\t\t\t<div class=\"elementor-element elementor-element-25f577db elementor-widget elementor-widget-heading\" data-id=\"25f577db\" data-element_type=\"widget\" data-widget_type=\"heading.default\">\n\t\t\t\t<div class=\"elementor-widget-container\">\n\t\t\t<h2 class=\"elementor-heading-title elementor-size-default\">Argousier<\/h2>\t\t<\/div>\n\t\t\t\t<\/div>\n\t\t\t\t\t<\/div>\n\t\t<\/div>\n\t\t\t\t<div class=\"make-column-clickable-elementor elementor-column elementor-col-20 elementor-top-column elementor-element elementor-element-895c0f6\" style=\"cursor: pointer;\" data-column-clickable=\"\/info\/#camu-camu\" data-column-clickable-blank=\"_self\" data-id=\"895c0f6\" data-element_type=\"column\" data-settings=\"{&quot;background_background&quot;:&quot;classic&quot;}\">\n\t\t\t<div class=\"elementor-widget-wrap elementor-element-populated\">\n\t\t\t\t\t<div class=\"elementor-background-overlay\"><\/div>\n\t\t\t\t\t\t\t\t<div class=\"elementor-element elementor-element-f9286cb elementor-widget elementor-widget-heading\" data-id=\"f9286cb\" data-element_type=\"widget\" data-widget_type=\"heading.default\">\n\t\t\t\t<div class=\"elementor-widget-container\">\n\t\t\t<h2 class=\"elementor-heading-title elementor-size-default\">Camu Camu<\/h2>\t\t<\/div>\n\t\t\t\t<\/div>\n\t\t\t\t\t<\/div>\n\t\t<\/div>\n\t\t\t\t\t\t\t<\/div>\n\t\t<\/section>\n\t\t\t\t\t\t\t<\/div>","protected":false},"excerpt":{"rendered":"<p>Emballage Ingr\u00e9dients Dur\u00e9e de conservation Instructions de stockage Indications Emballage Poids de la pastille : 2,1 g\/pi\u00e8ce Nombre de pastilles dans un paquet : 18 par paquet Emballage primaire :  3* 6 pastilles sous blister avec feuille d'aluminium, dans un sachet \u00e9tanche \u00e0 la vapeur d'eau Poids total de l'emballage : 64 g\/bo\u00eete Ingr\u00e9dients Miel de fleurs m\u00e9lang\u00e9es consolid\u00e9 - 96,2% Propolis - 1% Extrait sec 5:1 d'Echninacea Purpurea - 1% Extrait 10:1 d'argousier - 0,3% ...<\/p>\n<p class=\"read-more\"> <a class=\"\" href=\"http:\/\/floney.ch\/fr\/product\/floney-immunbomba-mezpasztilla\/\"> <span class=\"screen-reader-text\">Floney - Immune Bomb pastille de miel<\/span> Lire la suite \"<\/a><\/p>","protected":false},"featured_media":2388,"comment_status":"closed","ping_status":"closed","template":"","meta":{"site-sidebar-layout":"default","site-content-layout":"","ast-site-content-layout":"default","site-content-style":"default","site-sidebar-style":"default","ast-global-header-display":"","ast-banner-title-visibility":"","ast-main-header-display":"","ast-hfb-above-header-display":"","ast-hfb-below-header-display":"","ast-hfb-mobile-header-display":"","site-post-title":"","ast-breadcrumbs-content":"","ast-featured-img":"","footer-sml-layout":"","theme-transparent-header-meta":"default","adv-header-id-meta":"","stick-header-meta":"","header-above-stick-meta":"","header-main-stick-meta":"","header-below-stick-meta":"","astra-migrate-meta-layouts":"set","ast-page-background-enabled":"default","ast-page-background-meta":{"desktop":{"background-color":"","background-image":"","background-repeat":"repeat","background-position":"center center","background-size":"auto","background-attachment":"scroll","background-type":"","background-media":"","overlay-type":"","overlay-color":"","overlay-gradient":""},"tablet":{"background-color":"","background-image":"","background-repeat":"repeat","background-position":"center center","background-size":"auto","background-attachment":"scroll","background-type":"","background-media":"","overlay-type":"","overlay-color":"","overlay-gradient":""},"mobile":{"background-color":"","background-image":"","background-repeat":"repeat","background-position":"center center","background-size":"auto","background-attachment":"scroll","background-type":"","background-media":"","overlay-type":"","overlay-color":"","overlay-gradient":""}},"ast-content-background-meta":{"desktop":{"background-color":"var(--ast-global-color-5)","background-image":"","background-repeat":"repeat","background-position":"center center","background-size":"auto","background-attachment":"scroll","background-type":"","background-media":"","overlay-type":"","overlay-color":"","overlay-gradient":""},"tablet":{"background-color":"var(--ast-global-color-5)","background-image":"","background-repeat":"repeat","background-position":"center center","background-size":"auto","background-attachment":"scroll","background-type":"","background-media":"","overlay-type":"","overlay-color":"","overlay-gradient":""},"mobile":{"background-color":"var(--ast-global-color-5)","background-image":"","background-repeat":"repeat","background-position":"center center","background-size":"auto","background-attachment":"scroll","background-type":"","background-media":"","overlay-type":"","overlay-color":"","overlay-gradient":""}}},"product_cat":[124,122,123,78,112],"product_tag":[],"class_list":{"0":"post-2057","1":"product","2":"type-product","3":"status-publish","4":"has-post-thumbnail","6":"product_cat-camu-camu","7":"product_cat-echinacea","8":"product_cat-homoktovis","9":"product_cat-mez","10":"product_cat-propolisz","11":"desktop-align-left","12":"tablet-align-left","13":"mobile-align-left","15":"first","16":"instock","17":"shipping-taxable","18":"product-type-simple"},"acf":[],"_links":{"self":[{"href":"http:\/\/floney.ch\/fr\/wp-json\/wp\/v2\/product\/2057","targetHints":{"allow":["GET"]}}],"collection":[{"href":"http:\/\/floney.ch\/fr\/wp-json\/wp\/v2\/product"}],"about":[{"href":"http:\/\/floney.ch\/fr\/wp-json\/wp\/v2\/types\/product"}],"replies":[{"embeddable":true,"href":"http:\/\/floney.ch\/fr\/wp-json\/wp\/v2\/comments?post=2057"}],"version-history":[{"count":10,"href":"http:\/\/floney.ch\/fr\/wp-json\/wp\/v2\/product\/2057\/revisions"}],"predecessor-version":[{"id":2393,"href":"http:\/\/floney.ch\/fr\/wp-json\/wp\/v2\/product\/2057\/revisions\/2393"}],"wp:featuredmedia":[{"embeddable":true,"href":"http:\/\/floney.ch\/fr\/wp-json\/wp\/v2\/media\/2388"}],"wp:attachment":[{"href":"http:\/\/floney.ch\/fr\/wp-json\/wp\/v2\/media?parent=2057"}],"wp:term":[{"taxonomy":"product_cat","embeddable":true,"href":"http:\/\/floney.ch\/fr\/wp-json\/wp\/v2\/product_cat?post=2057"},{"taxonomy":"product_tag","embeddable":true,"href":"http:\/\/floney.ch\/fr\/wp-json\/wp\/v2\/product_tag?post=2057"}],"curies":[{"name":"wp","href":"https:\/\/api.w.org\/{rel}","templated":true}]}}