{"id":2098,"date":"2024-01-18T13:31:42","date_gmt":"2024-01-18T13:31:42","guid":{"rendered":"http:\/\/floney.ch\/?post_type=product&#038;p=2098"},"modified":"2024-12-10T15:03:27","modified_gmt":"2024-12-10T15:03:27","slug":"floney-natur-mezpasztilla-masolat","status":"publish","type":"product","link":"https:\/\/floney.ch\/de\/product\/floney-natur-mezpasztilla-masolat\/","title":{"rendered":"Floney Nat\u00fcrliche Honigpastille"},"content":{"rendered":"<div data-elementor-type=\"product-post\" data-elementor-id=\"2098\" class=\"elementor elementor-2098\" data-elementor-post-type=\"product\">\n\t\t\t\t\t\t\t\t\t<section class=\"elementor-section elementor-top-section elementor-element elementor-element-40c72f54 elementor-section-boxed elementor-section-height-default elementor-section-height-default\" data-id=\"40c72f54\" data-element_type=\"section\">\n\t\t\t\t\t\t<div class=\"elementor-container elementor-column-gap-default\">\n\t\t\t\t\t<div class=\"elementor-column elementor-col-100 elementor-top-column elementor-element elementor-element-2d31a4a6\" data-id=\"2d31a4a6\" data-element_type=\"column\">\n\t\t\t<div class=\"elementor-widget-wrap elementor-element-populated\">\n\t\t\t\t\t\t\t\t<div class=\"elementor-element elementor-element-4b66cbb8 elementor-widget elementor-widget-text-editor\" data-id=\"4b66cbb8\" data-element_type=\"widget\" data-widget_type=\"text-editor.default\">\n\t\t\t\t<div class=\"elementor-widget-container\">\n\t\t\t\t\t\t\t&nbsp;\r\n\r\n<script src=\"moz-extension:\/\/e26321c3-e61e-4f9b-bb89-abe38b6a91a1\/js\/app.js\" type=\"text\/javascript\"><\/script>\t\t\t\t\t\t<\/div>\n\t\t\t\t<\/div>\n\t\t\t\t\t<\/div>\n\t\t<\/div>\n\t\t\t\t\t\t\t<\/div>\n\t\t<\/section>\n\t\t\t\t<section class=\"elementor-section elementor-top-section elementor-element elementor-element-17bac7e2 elementor-section-boxed elementor-section-height-default elementor-section-height-default\" data-id=\"17bac7e2\" data-element_type=\"section\">\n\t\t\t\t\t\t<div class=\"elementor-container elementor-column-gap-default\">\n\t\t\t\t\t<div class=\"elementor-column elementor-col-100 elementor-top-column elementor-element elementor-element-65678160\" data-id=\"65678160\" data-element_type=\"column\">\n\t\t\t<div class=\"elementor-widget-wrap elementor-element-populated\">\n\t\t\t\t\t\t\t\t<div class=\"elementor-element elementor-element-1274199b elementor-tabs-view-horizontal elementor-widget elementor-widget-tabs\" data-id=\"1274199b\" data-element_type=\"widget\" data-widget_type=\"tabs.default\">\n\t\t\t\t<div class=\"elementor-widget-container\">\n\t\t\t\t\t<div class=\"elementor-tabs\">\n\t\t\t<div class=\"elementor-tabs-wrapper\" role=\"tablist\" >\n\t\t\t\t\t\t\t\t\t<div id=\"elementor-tab-title-3091\" class=\"elementor-tab-title elementor-tab-desktop-title\" aria-selected=\"true\" data-tab=\"1\" role=\"tab\" tabindex=\"0\" aria-controls=\"elementor-tab-content-3091\" aria-expanded=\"false\">Auslieferung<\/div>\n\t\t\t\t\t\t\t\t\t<div id=\"elementor-tab-title-3092\" class=\"elementor-tab-title elementor-tab-desktop-title\" aria-selected=\"false\" data-tab=\"2\" role=\"tab\" tabindex=\"-1\" aria-controls=\"elementor-tab-content-3092\" aria-expanded=\"false\">Inhaltsstoffe<\/div>\n\t\t\t\t\t\t\t\t\t<div id=\"elementor-tab-title-3093\" class=\"elementor-tab-title elementor-tab-desktop-title\" aria-selected=\"false\" data-tab=\"3\" role=\"tab\" tabindex=\"-1\" aria-controls=\"elementor-tab-content-3093\" aria-expanded=\"false\">Informationen zur Verf\u00fcgbarkeit<\/div>\n\t\t\t\t\t\t\t\t\t<div id=\"elementor-tab-title-3094\" class=\"elementor-tab-title elementor-tab-desktop-title\" aria-selected=\"false\" data-tab=\"4\" role=\"tab\" tabindex=\"-1\" aria-controls=\"elementor-tab-content-3094\" aria-expanded=\"false\">Anforderungen an die Lagerung<\/div>\n\t\t\t\t\t\t\t\t\t<div id=\"elementor-tab-title-3095\" class=\"elementor-tab-title elementor-tab-desktop-title\" aria-selected=\"false\" data-tab=\"5\" role=\"tab\" tabindex=\"-1\" aria-controls=\"elementor-tab-content-3095\" aria-expanded=\"false\">Vorschl\u00e4ge<\/div>\n\t\t\t\t\t\t\t<\/div>\n\t\t\t<div class=\"elementor-tabs-content-wrapper\" role=\"tablist\" aria-orientation=\"vertical\">\n\t\t\t\t\t\t\t\t\t<div class=\"elementor-tab-title elementor-tab-mobile-title\" aria-selected=\"true\" data-tab=\"1\" role=\"tab\" tabindex=\"0\" aria-controls=\"elementor-tab-content-3091\" aria-expanded=\"false\">Auslieferung<\/div>\n\t\t\t\t\t<div id=\"elementor-tab-content-3091\" class=\"elementor-tab-content elementor-clearfix\" data-tab=\"1\" role=\"tabpanel\" aria-labelledby=\"elementor-tab-title-3091\" tabindex=\"0\" hidden=\"false\"><p><span data-contrast=\"auto\"><strong>Gewicht der Pastille:<\/strong> 2,1 g\/Stk<\/span><span data-ccp-props=\"{&quot;201341983&quot;:0,&quot;335551550&quot;:6,&quot;335551620&quot;:6,&quot;335559685&quot;:709,&quot;335559739&quot;:80,&quot;335559740&quot;:259}\">\u00a0<\/span><\/p><p><span data-contrast=\"auto\"><strong>Anzahl der Pastillen in der Packung:<\/strong> 18 St\u00fcck\/Karton<\/span><span data-ccp-props=\"{&quot;201341983&quot;:0,&quot;335551550&quot;:6,&quot;335551620&quot;:6,&quot;335559685&quot;:709,&quot;335559739&quot;:80,&quot;335559740&quot;:259}\">\u00a0<\/span><\/p><p><span data-contrast=\"auto\"><strong>Prim\u00e4rverpackung:\u00a0<\/strong> 3* 6 Pastillen in Blisterpackungen mit Alufolienversiegelung, in einem dampfdichten Beutel<\/span><span data-ccp-props=\"{&quot;201341983&quot;:0,&quot;335551550&quot;:6,&quot;335551620&quot;:6,&quot;335559685&quot;:2977,&quot;335559739&quot;:80,&quot;335559740&quot;:259,&quot;335559991&quot;:2268}\">\u00a0<\/span><\/p><p><span data-contrast=\"auto\"><strong>Gesamtgewicht der Verpackung:<\/strong> 64 g\/Schachtel<\/span><span data-ccp-props=\"{&quot;201341983&quot;:0,&quot;335551550&quot;:6,&quot;335551620&quot;:6,&quot;335559685&quot;:709,&quot;335559739&quot;:80,&quot;335559740&quot;:259}\">\u00a0<\/span><\/p><p><script src=\"moz-extension:\/\/e26321c3-e61e-4f9b-bb89-abe38b6a91a1\/js\/app.js\" type=\"text\/javascript\"><\/script><\/p><p><script src=\"moz-extension:\/\/e26321c3-e61e-4f9b-bb89-abe38b6a91a1\/js\/app.js\" type=\"text\/javascript\"><\/script><\/p><\/div>\n\t\t\t\t\t\t\t\t\t<div class=\"elementor-tab-title elementor-tab-mobile-title\" aria-selected=\"false\" data-tab=\"2\" role=\"tab\" tabindex=\"-1\" aria-controls=\"elementor-tab-content-3092\" aria-expanded=\"false\">Inhaltsstoffe<\/div>\n\t\t\t\t\t<div id=\"elementor-tab-content-3092\" class=\"elementor-tab-content elementor-clearfix\" data-tab=\"2\" role=\"tabpanel\" aria-labelledby=\"elementor-tab-title-3092\" tabindex=\"0\" hidden=\"hidden\"><p><span class=\"TextRun SCXW164523447 BCX2\" lang=\"HU-HU\" xml:lang=\"HU-HU\" data-contrast=\"auto\"><span class=\"NormalTextRun SCXW164523447 BCX2\"><strong>Verfestigt gemischter Bl\u00fctenhonig<\/strong> - 100%<\/span><\/span><\/p><p><script src=\"moz-extension:\/\/e26321c3-e61e-4f9b-bb89-abe38b6a91a1\/js\/app.js\" type=\"text\/javascript\"><\/script><\/p><p><script src=\"moz-extension:\/\/e26321c3-e61e-4f9b-bb89-abe38b6a91a1\/js\/app.js\" type=\"text\/javascript\"><\/script><\/p><\/div>\n\t\t\t\t\t\t\t\t\t<div class=\"elementor-tab-title elementor-tab-mobile-title\" aria-selected=\"false\" data-tab=\"3\" role=\"tab\" tabindex=\"-1\" aria-controls=\"elementor-tab-content-3093\" aria-expanded=\"false\">Informationen zur Verf\u00fcgbarkeit<\/div>\n\t\t\t\t\t<div id=\"elementor-tab-content-3093\" class=\"elementor-tab-content elementor-clearfix\" data-tab=\"3\" role=\"tabpanel\" aria-labelledby=\"elementor-tab-title-3093\" tabindex=\"0\" hidden=\"hidden\"><p><span data-contrast=\"auto\"><strong>Haltbarkeitsdauer:<\/strong> <\/span><\/p><p><span data-contrast=\"auto\">18 Monate ab dem Herstellungsdatum (das Verfallsdatum ist auf der Verpackung angegeben). Es wird empfohlen, das Produkt nach dem \u00d6ffnen der Verpackung mit Dampfsperre innerhalb von 30 Tagen zu verbrauchen.<\/span><span data-ccp-props=\"{&quot;201341983&quot;:0,&quot;335551550&quot;:6,&quot;335551620&quot;:6,&quot;335559685&quot;:2835,&quot;335559739&quot;:160,&quot;335559740&quot;:259,&quot;335559991&quot;:2115}\">\u00a0<\/span><\/p><p><span data-contrast=\"auto\"><strong>Altersgrenze f\u00fcr den Konsum:<\/strong>\u00a0 <\/span><span data-contrast=\"auto\">3 Jahre<\/span><span data-ccp-props=\"{&quot;201341983&quot;:0,&quot;335551550&quot;:6,&quot;335551620&quot;:6,&quot;335559685&quot;:2694,&quot;335559739&quot;:160,&quot;335559740&quot;:259,&quot;335559991&quot;:1974}\">\u00a0<\/span><\/p><p><strong>T\u00e4gliche Dosierung: <\/strong><span data-ccp-props=\"{&quot;201341983&quot;:0,&quot;335551550&quot;:6,&quot;335551620&quot;:6,&quot;335559685&quot;:2694,&quot;335559739&quot;:160,&quot;335559740&quot;:259,&quot;335559991&quot;:1974}\">\u00a0<\/span><\/p><ul><li><span data-contrast=\"auto\">3-6 Pastillen pro Tag f\u00fcr Erwachsene<\/span><span data-ccp-props=\"{&quot;201341983&quot;:0,&quot;335551550&quot;:6,&quot;335551620&quot;:6,&quot;335559685&quot;:2694,&quot;335559739&quot;:160,&quot;335559740&quot;:259,&quot;335559991&quot;:1974}\">\u00a0<\/span><\/li><li><span data-contrast=\"auto\">1-3 Pastillen pro Tag f\u00fcr Kinder<\/span><span data-ccp-props=\"{&quot;201341983&quot;:0,&quot;335551550&quot;:6,&quot;335551620&quot;:6,&quot;335559685&quot;:2694,&quot;335559739&quot;:160,&quot;335559740&quot;:259,&quot;335559991&quot;:1974}\">\u00a0<\/span><\/li><\/ul><p><script src=\"moz-extension:\/\/e26321c3-e61e-4f9b-bb89-abe38b6a91a1\/js\/app.js\" type=\"text\/javascript\"><\/script><\/p><p><script src=\"moz-extension:\/\/e26321c3-e61e-4f9b-bb89-abe38b6a91a1\/js\/app.js\" type=\"text\/javascript\"><\/script><\/p><\/div>\n\t\t\t\t\t\t\t\t\t<div class=\"elementor-tab-title elementor-tab-mobile-title\" aria-selected=\"false\" data-tab=\"4\" role=\"tab\" tabindex=\"-1\" aria-controls=\"elementor-tab-content-3094\" aria-expanded=\"false\">Anforderungen an die Lagerung<\/div>\n\t\t\t\t\t<div id=\"elementor-tab-content-3094\" class=\"elementor-tab-content elementor-clearfix\" data-tab=\"4\" role=\"tabpanel\" aria-labelledby=\"elementor-tab-title-3094\" tabindex=\"0\" hidden=\"hidden\"><p>In der Fabrikverpackung, vor direkter Hitze gesch\u00fctzt, <strong>an einem trockenen, vor Sonnenlicht gesch\u00fctzten Ort.<\/strong><\/p><p>Maximale Lagertemperatur: <strong>25 \u2070C.<\/strong><\/p><p>Bei unsachgem\u00e4\u00dfer Lagerung kann sich die Pastille verformen und schmelzen. Wenn die Verpackung intakt ist, beeintr\u00e4chtigt dies in der Regel nicht die Essbarkeit, sondern nur die \u00e4sthetische Wirkung. Nach dem Abk\u00fchlen auf oder unter die zul\u00e4ssige Lagertemperatur verfestigt sich die Pastille wieder. Sie kann dann in der Regel ohne Besch\u00e4digung aus der Blisterpackung entnommen werden.<\/p><p><script src=\"moz-extension:\/\/e26321c3-e61e-4f9b-bb89-abe38b6a91a1\/js\/app.js\" type=\"text\/javascript\"><\/script><\/p><p><script src=\"moz-extension:\/\/e26321c3-e61e-4f9b-bb89-abe38b6a91a1\/js\/app.js\" type=\"text\/javascript\"><\/script><\/p><p><script src=\"moz-extension:\/\/e26321c3-e61e-4f9b-bb89-abe38b6a91a1\/js\/app.js\" type=\"text\/javascript\"><\/script><\/p><\/div>\n\t\t\t\t\t\t\t\t\t<div class=\"elementor-tab-title elementor-tab-mobile-title\" aria-selected=\"false\" data-tab=\"5\" role=\"tab\" tabindex=\"-1\" aria-controls=\"elementor-tab-content-3095\" aria-expanded=\"false\">Vorschl\u00e4ge<\/div>\n\t\t\t\t\t<div id=\"elementor-tab-content-3095\" class=\"elementor-tab-content elementor-clearfix\" data-tab=\"5\" role=\"tabpanel\" aria-labelledby=\"elementor-tab-title-3095\" tabindex=\"0\" hidden=\"hidden\"><p>Die Hauptwirkungen dieses Produkts sind:<\/p><ul><li>Halsweh<\/li><li>Hustenmittel<\/li><li>Schleiml\u00f6send<\/li><li>schnelle Energiequelle<\/li><\/ul><p>\"Basierend auf Volksmedizin und jahrhundertelanger Erfahrung\"<\/p><p>Alle unsere Produkte werden aus Honig hergestellt, so dass Sie beim Verzehr die Vorteile des Honigs genie\u00dfen k\u00f6nnen.<\/p><p><script src=\"moz-extension:\/\/e26321c3-e61e-4f9b-bb89-abe38b6a91a1\/js\/app.js\" type=\"text\/javascript\"><\/script><\/p><p><script src=\"moz-extension:\/\/e26321c3-e61e-4f9b-bb89-abe38b6a91a1\/js\/app.js\" type=\"text\/javascript\"><\/script><\/p><\/div>\n\t\t\t\t\t\t\t<\/div>\n\t\t<\/div>\n\t\t\t\t<\/div>\n\t\t\t\t<\/div>\n\t\t\t\t\t<\/div>\n\t\t<\/div>\n\t\t\t\t\t\t\t<\/div>\n\t\t<\/section>\n\t\t\t\t<section class=\"elementor-section elementor-top-section elementor-element elementor-element-b4bcbe5 elementor-section-boxed elementor-section-height-default elementor-section-height-default\" data-id=\"b4bcbe5\" data-element_type=\"section\">\n\t\t\t\t\t\t<div class=\"elementor-container elementor-column-gap-default\">\n\t\t\t\t\t<div class=\"elementor-column elementor-col-100 elementor-top-column elementor-element elementor-element-30ca17c3\" data-id=\"30ca17c3\" data-element_type=\"column\">\n\t\t\t<div class=\"elementor-widget-wrap elementor-element-populated\">\n\t\t\t\t\t\t\t\t<div class=\"elementor-element elementor-element-7a6fad26 elementor-widget elementor-widget-heading\" data-id=\"7a6fad26\" data-element_type=\"widget\" data-widget_type=\"heading.default\">\n\t\t\t\t<div class=\"elementor-widget-container\">\n\t\t\t<h2 class=\"elementor-heading-title elementor-size-default\">Erfahren Sie mehr \u00fcber die Inhaltsstoffe<\/h2>\t\t<\/div>\n\t\t\t\t<\/div>\n\t\t\t\t\t<\/div>\n\t\t<\/div>\n\t\t\t\t\t\t\t<\/div>\n\t\t<\/section>\n\t\t\t\t<section class=\"elementor-section elementor-top-section elementor-element elementor-element-8cc3f07 elementor-section-boxed elementor-section-height-default elementor-section-height-default\" data-id=\"8cc3f07\" data-element_type=\"section\">\n\t\t\t\t\t\t<div class=\"elementor-container elementor-column-gap-default\">\n\t\t\t\t\t<div class=\"make-column-clickable-elementor elementor-column elementor-col-100 elementor-top-column elementor-element elementor-element-3e88c4f1\" style=\"cursor: pointer;\" data-column-clickable=\"\/info\/#mez\" data-column-clickable-blank=\"_self\" data-id=\"3e88c4f1\" data-element_type=\"column\" data-settings=\"{&quot;background_background&quot;:&quot;classic&quot;}\">\n\t\t\t<div class=\"elementor-widget-wrap elementor-element-populated\">\n\t\t\t\t\t<div class=\"elementor-background-overlay\"><\/div>\n\t\t\t\t\t\t\t\t<div class=\"elementor-element elementor-element-5b8d218 elementor-widget elementor-widget-heading\" data-id=\"5b8d218\" data-element_type=\"widget\" data-widget_type=\"heading.default\">\n\t\t\t\t<div class=\"elementor-widget-container\">\n\t\t\t<h2 class=\"elementor-heading-title elementor-size-default\">Honig<\/h2>\t\t<\/div>\n\t\t\t\t<\/div>\n\t\t\t\t\t<\/div>\n\t\t<\/div>\n\t\t\t\t\t\t\t<\/div>\n\t\t<\/section>\n\t\t\t\t\t\t\t<\/div>","protected":false},"excerpt":{"rendered":"<p>Verpackung Inhaltsstoffe Angaben zur Haltbarkeit Lagerungshinweise Angaben zur Verpackung Gewicht der Pastillen: 2,1 g\/db Anzahl der Pastillen in einer Packung: 18 pro Packung Prim\u00e4rverpackung: 3* 6 Pastillen in Blisterpackungen, mit Aluminiumfolie versiegelt, in einem dampfdichten Beutel Gesamtgewicht der Verpackung: 64 g\/Karton Zutaten Konsolidierter Mischbl\u00fctenhonig - 100% Angaben zur Haltbarkeit Haltbarkeit: 18 Monate ab Herstellungsdatum (Verfallsdatum auf der Verpackung angegeben). A ...<\/p>\n<p class=\"read-more\"> <a class=\"\" href=\"https:\/\/floney.ch\/de\/product\/floney-natur-mezpasztilla-masolat\/\"> <span class=\"screen-reader-text\">Floney Nat\u00fcrliche Honigpastille<\/span> Mehr lesen \"<\/a><\/p>","protected":false},"featured_media":2378,"comment_status":"closed","ping_status":"closed","template":"","meta":{"site-sidebar-layout":"default","site-content-layout":"","ast-site-content-layout":"default","site-content-style":"default","site-sidebar-style":"default","ast-global-header-display":"","ast-banner-title-visibility":"","ast-main-header-display":"","ast-hfb-above-header-display":"","ast-hfb-below-header-display":"","ast-hfb-mobile-header-display":"","site-post-title":"","ast-breadcrumbs-content":"","ast-featured-img":"","footer-sml-layout":"","theme-transparent-header-meta":"default","adv-header-id-meta":"","stick-header-meta":"","header-above-stick-meta":"","header-main-stick-meta":"","header-below-stick-meta":"","astra-migrate-meta-layouts":"set","ast-page-background-enabled":"default","ast-page-background-meta":{"desktop":{"background-color":"","background-image":"","background-repeat":"repeat","background-position":"center center","background-size":"auto","background-attachment":"scroll","background-type":"","background-media":"","overlay-type":"","overlay-color":"","overlay-gradient":""},"tablet":{"background-color":"","background-image":"","background-repeat":"repeat","background-position":"center center","background-size":"auto","background-attachment":"scroll","background-type":"","background-media":"","overlay-type":"","overlay-color":"","overlay-gradient":""},"mobile":{"background-color":"","background-image":"","background-repeat":"repeat","background-position":"center center","background-size":"auto","background-attachment":"scroll","background-type":"","background-media":"","overlay-type":"","overlay-color":"","overlay-gradient":""}},"ast-content-background-meta":{"desktop":{"background-color":"var(--ast-global-color-5)","background-image":"","background-repeat":"repeat","background-position":"center center","background-size":"auto","background-attachment":"scroll","background-type":"","background-media":"","overlay-type":"","overlay-color":"","overlay-gradient":""},"tablet":{"background-color":"var(--ast-global-color-5)","background-image":"","background-repeat":"repeat","background-position":"center center","background-size":"auto","background-attachment":"scroll","background-type":"","background-media":"","overlay-type":"","overlay-color":"","overlay-gradient":""},"mobile":{"background-color":"var(--ast-global-color-5)","background-image":"","background-repeat":"repeat","background-position":"center center","background-size":"auto","background-attachment":"scroll","background-type":"","background-media":"","overlay-type":"","overlay-color":"","overlay-gradient":""}}},"product_cat":[78],"product_tag":[],"class_list":{"0":"post-2098","1":"product","2":"type-product","3":"status-publish","4":"has-post-thumbnail","6":"product_cat-mez","7":"desktop-align-left","8":"tablet-align-left","9":"mobile-align-left","11":"first","12":"instock","13":"shipping-taxable","14":"product-type-simple"},"acf":[],"_links":{"self":[{"href":"https:\/\/floney.ch\/de\/wp-json\/wp\/v2\/product\/2098","targetHints":{"allow":["GET"]}}],"collection":[{"href":"https:\/\/floney.ch\/de\/wp-json\/wp\/v2\/product"}],"about":[{"href":"https:\/\/floney.ch\/de\/wp-json\/wp\/v2\/types\/product"}],"replies":[{"embeddable":true,"href":"https:\/\/floney.ch\/de\/wp-json\/wp\/v2\/comments?post=2098"}],"version-history":[{"count":13,"href":"https:\/\/floney.ch\/de\/wp-json\/wp\/v2\/product\/2098\/revisions"}],"predecessor-version":[{"id":2379,"href":"https:\/\/floney.ch\/de\/wp-json\/wp\/v2\/product\/2098\/revisions\/2379"}],"wp:featuredmedia":[{"embeddable":true,"href":"https:\/\/floney.ch\/de\/wp-json\/wp\/v2\/media\/2378"}],"wp:attachment":[{"href":"https:\/\/floney.ch\/de\/wp-json\/wp\/v2\/media?parent=2098"}],"wp:term":[{"taxonomy":"product_cat","embeddable":true,"href":"https:\/\/floney.ch\/de\/wp-json\/wp\/v2\/product_cat?post=2098"},{"taxonomy":"product_tag","embeddable":true,"href":"https:\/\/floney.ch\/de\/wp-json\/wp\/v2\/product_tag?post=2098"}],"curies":[{"name":"wp","href":"https:\/\/api.w.org\/{rel}","templated":true}]}}