{"id":30,"date":"2020-04-13T11:18:54","date_gmt":"2020-04-13T11:18:54","guid":{"rendered":"http:\/\/floney.ch\/home\/"},"modified":"2025-01-23T13:26:28","modified_gmt":"2025-01-23T13:26:28","slug":"home","status":"publish","type":"page","link":"https:\/\/floney.ch\/en\/","title":{"rendered":"Home"},"content":{"rendered":"<div data-elementor-type=\"wp-page\" data-elementor-id=\"30\" class=\"elementor elementor-30\" data-elementor-post-type=\"page\">\n\t\t\t\t\t\t\t\t\t<section class=\"elementor-section elementor-top-section elementor-element elementor-element-7e21b87 elementor-section-full_width elementor-section-height-default elementor-section-height-default\" data-id=\"7e21b87\" data-element_type=\"section\">\n\t\t\t\t\t\t<div class=\"elementor-container elementor-column-gap-default\">\n\t\t\t\t\t<div class=\"elementor-column elementor-col-100 elementor-top-column elementor-element elementor-element-2fabb17\" data-id=\"2fabb17\" data-element_type=\"column\">\n\t\t\t<div class=\"elementor-widget-wrap elementor-element-populated\">\n\t\t\t\t\t\t\t\t<div class=\"elementor-element elementor-element-632ea0c elementor--h-position-center elementor--v-position-middle elementor-arrows-position-inside elementor-pagination-position-inside elementor-widget elementor-widget-slides\" data-id=\"632ea0c\" data-element_type=\"widget\" data-settings=\"{&quot;transition_speed&quot;:400,&quot;navigation&quot;:&quot;both&quot;,&quot;autoplay&quot;:&quot;yes&quot;,&quot;pause_on_interaction&quot;:&quot;yes&quot;,&quot;autoplay_speed&quot;:5000,&quot;infinite&quot;:&quot;yes&quot;,&quot;transition&quot;:&quot;slide&quot;}\" data-widget_type=\"slides.default\">\n\t\t\t\t<div class=\"elementor-widget-container\">\n\t\t\t\t\t<div class=\"elementor-swiper\">\n\t\t\t<div class=\"elementor-slides-wrapper elementor-main-swiper swiper-container\" dir=\"ltr\" data-animation=\"fadeInUp\">\n\t\t\t\t<div class=\"swiper-wrapper elementor-slides\">\n\t\t\t\t\t\t\t\t\t\t<div class=\"elementor-repeater-item-ac62ced swiper-slide\"><div class=\"swiper-slide-bg\" role=\"img\"><\/div><div class=\"elementor-background-overlay\"><\/div><div class=\"swiper-slide-inner\" ><div class=\"swiper-slide-contents\"><div class=\"elementor-slide-heading\">Floney Natural Honey Lozenge<\/div><div class=\"elementor-slide-description\">Demulcent<\/div><a href=\"https:\/\/floney.ch\/en\/product\/floney-natur-mezpasztilla-masolat\/\" class=\"elementor-button elementor-slide-button elementor-size-sm\">Learn more<\/a><\/div><\/div><\/div><div class=\"elementor-repeater-item-bb42cea swiper-slide\"><div class=\"swiper-slide-bg\" role=\"img\"><\/div><div class=\"elementor-background-overlay\"><\/div><div class=\"swiper-slide-inner\" ><div class=\"swiper-slide-contents\"><div class=\"elementor-slide-heading\">Floney Lemon Honey Lozenge<\/div><div class=\"elementor-slide-description\">Cough suppressant<\/div><a href=\"https:\/\/floney.ch\/en\/product\/floney-citrom-mezpasztilla\/\" class=\"elementor-button elementor-slide-button elementor-size-sm\">Learn more<\/a><\/div><\/div><\/div><div class=\"elementor-repeater-item-9ad2398 swiper-slide\"><div class=\"swiper-slide-bg\" role=\"img\"><\/div><div class=\"elementor-background-overlay\"><\/div><div class=\"swiper-slide-inner\" ><div class=\"swiper-slide-contents\"><div class=\"elementor-slide-heading\">Floney Cinnamon Honey Lozenge<\/div><div class=\"elementor-slide-description\">Mouthwash<\/div><a href=\"https:\/\/floney.ch\/en\/product\/floney-fahej-mezpasztilla\/\" class=\"elementor-button elementor-slide-button elementor-size-sm\">Learn more<\/a><\/div><\/div><\/div><div class=\"elementor-repeater-item-5e10da0 swiper-slide\"><div class=\"swiper-slide-bg\" role=\"img\"><\/div><div class=\"elementor-background-overlay\"><\/div><div class=\"swiper-slide-inner\" ><div class=\"swiper-slide-contents\"><div class=\"elementor-slide-heading\">Floney Lavender Honey Lozenge<\/div><div class=\"elementor-slide-description\">Tranquilizer, mood enhancer<\/div><a href=\"https:\/\/floney.ch\/en\/product\/floney-levendula-mezpasztilla\/\" class=\"elementor-button elementor-slide-button elementor-size-sm\">Learn more<\/a><\/div><\/div><\/div><div class=\"elementor-repeater-item-b207287 swiper-slide\"><div class=\"swiper-slide-bg\" role=\"img\"><\/div><div class=\"elementor-background-overlay\"><\/div><div class=\"swiper-slide-inner\" ><div class=\"swiper-slide-contents\"><div class=\"elementor-slide-heading\">Floney Immune Bomb Honey Lozenge<\/div><div class=\"elementor-slide-description\">Immune booster<\/div><a href=\"https:\/\/floney.ch\/en\/product\/floney-immunbomba-mezpasztilla\/\" class=\"elementor-button elementor-slide-button elementor-size-sm\">Learn more<\/a><\/div><\/div><\/div><div class=\"elementor-repeater-item-6f47564 swiper-slide\"><div class=\"swiper-slide-bg\" role=\"img\"><\/div><div class=\"elementor-background-overlay\"><\/div><div class=\"swiper-slide-inner\" ><div class=\"swiper-slide-contents\"><div class=\"elementor-slide-heading\">Floney Menthol Honey Lozenge<\/div><div class=\"elementor-slide-description\">Decongestant<\/div><a href=\"https:\/\/floney.ch\/en\/product\/floney-mentol-mezpasztilla\/\" class=\"elementor-button elementor-slide-button elementor-size-sm\">Learn more<\/a><\/div><\/div><\/div><div class=\"elementor-repeater-item-b40365c swiper-slide\"><div class=\"swiper-slide-bg\" role=\"img\"><\/div><div class=\"elementor-background-overlay\"><\/div><div class=\"swiper-slide-inner\" ><div class=\"swiper-slide-contents\"><div class=\"elementor-slide-heading\">Floney Ginger Honey Lozenge<\/div><div class=\"elementor-slide-description\">Sore throat reliever<\/div><a href=\"https:\/\/floney.ch\/en\/product\/floney-gyomber-mezpasztilla\/\" class=\"elementor-button elementor-slide-button elementor-size-sm\">Learn more<\/a><\/div><\/div><\/div><div class=\"elementor-repeater-item-3f664c4 swiper-slide\"><div class=\"swiper-slide-bg\" role=\"img\"><\/div><div class=\"elementor-background-overlay\"><\/div><div class=\"swiper-slide-inner\" ><div class=\"swiper-slide-contents\"><div class=\"elementor-slide-heading\">Floney Matcha Honey Lozenge<\/div><div class=\"elementor-slide-description\">Refreshing, Detoxifying<\/div><a href=\"https:\/\/floney.ch\/en\/product\/floney-matcha-mezpasztilla\/\" class=\"elementor-button elementor-slide-button elementor-size-sm\">Learn more<\/a><\/div><\/div><\/div>\t\t\t\t<\/div>\n\t\t\t\t\t\t\t\t\t\t\t\t\t\t\t<div class=\"swiper-pagination\"><\/div>\n\t\t\t\t\t\t\t\t\t\t\t\t\t\t\t\t<div class=\"elementor-swiper-button elementor-swiper-button-prev\" role=\"button\" tabindex=\"0\">\n\t\t\t\t\t\t\t<i aria-hidden=\"true\" class=\"eicon-chevron-left\"><\/i>\t\t\t\t\t\t\t<span class=\"elementor-screen-only\">Previous slide<\/span>\n\t\t\t\t\t\t<\/div>\n\t\t\t\t\t\t<div class=\"elementor-swiper-button elementor-swiper-button-next\" role=\"button\" tabindex=\"0\">\n\t\t\t\t\t\t\t<i aria-hidden=\"true\" class=\"eicon-chevron-right\"><\/i>\t\t\t\t\t\t\t<span class=\"elementor-screen-only\">Next slide<\/span>\n\t\t\t\t\t\t<\/div>\n\t\t\t\t\t\t\t\t\t\t\t\t<\/div>\n\t\t<\/div>\n\t\t\t\t<\/div>\n\t\t\t\t<\/div>\n\t\t\t\t\t<\/div>\n\t\t<\/div>\n\t\t\t\t\t\t\t<\/div>\n\t\t<\/section>\n\t\t\t\t<section class=\"elementor-section elementor-top-section elementor-element elementor-element-8989277 elementor-section-boxed elementor-section-height-default elementor-section-height-default\" data-id=\"8989277\" data-element_type=\"section\">\n\t\t\t\t\t\t<div class=\"elementor-container elementor-column-gap-default\">\n\t\t\t\t\t<div class=\"elementor-column elementor-col-100 elementor-top-column elementor-element elementor-element-9457b9b\" data-id=\"9457b9b\" data-element_type=\"column\">\n\t\t\t<div class=\"elementor-widget-wrap elementor-element-populated\">\n\t\t\t\t\t\t\t\t<div class=\"elementor-element elementor-element-ce860c7 elementor-widget elementor-widget-heading\" data-id=\"ce860c7\" data-element_type=\"widget\" data-widget_type=\"heading.default\">\n\t\t\t\t<div class=\"elementor-widget-container\">\n\t\t\t<h2 class=\"elementor-heading-title elementor-size-default\">We did it!<\/h2>\t\t<\/div>\n\t\t\t\t<\/div>\n\t\t\t\t<div class=\"elementor-element elementor-element-51108a9 elementor-widget elementor-widget-text-editor\" data-id=\"51108a9\" data-element_type=\"widget\" data-widget_type=\"text-editor.default\">\n\t\t\t\t<div class=\"elementor-widget-container\">\n\t\t\t\t\t\t\t<strong>After many years of experimentation and development, we've achieved what we set out to do. We have created a product that is made from only natural ingredients and can be consumed as a food, a sweet and a medicine. With the special technology we have, we can solidify honey without using any additives to solidify it, preserving the beneficial properties and ingredients of the raw materials. Our products are now available and our range is constantly expanding. Have a look around.<\/br> <\/br> We are looking for partners.<\/strong>\t\t\t\t\t\t<\/div>\n\t\t\t\t<\/div>\n\t\t\t\t\t<\/div>\n\t\t<\/div>\n\t\t\t\t\t\t\t<\/div>\n\t\t<\/section>\n\t\t\t\t<section class=\"elementor-section elementor-top-section elementor-element elementor-element-5939a86c elementor-section-boxed elementor-section-height-default elementor-section-height-default\" data-id=\"5939a86c\" data-element_type=\"section\">\n\t\t\t\t\t\t<div class=\"elementor-container elementor-column-gap-no\">\n\t\t\t\t\t<div class=\"elementor-column elementor-col-100 elementor-top-column elementor-element elementor-element-6f6a47a9\" data-id=\"6f6a47a9\" data-element_type=\"column\">\n\t\t\t<div class=\"elementor-widget-wrap elementor-element-populated\">\n\t\t\t\t\t\t\t\t<section class=\"elementor-section elementor-inner-section elementor-element elementor-element-143e9c37 elementor-section-full_width elementor-section-height-default elementor-section-height-default\" data-id=\"143e9c37\" data-element_type=\"section\">\n\t\t\t\t\t\t<div class=\"elementor-container elementor-column-gap-wide\">\n\t\t\t\t\t<div class=\"elementor-column elementor-col-50 elementor-inner-column elementor-element elementor-element-5acde085\" data-id=\"5acde085\" data-element_type=\"column\">\n\t\t\t<div class=\"elementor-widget-wrap elementor-element-populated\">\n\t\t\t\t\t\t\t\t<div class=\"elementor-element elementor-element-31fcced2 elementor-align-center elementor-mobile-align-center elementor-widget elementor-widget-button\" data-id=\"31fcced2\" data-element_type=\"widget\" data-widget_type=\"button.default\">\n\t\t\t\t<div class=\"elementor-widget-container\">\n\t\t\t\t\t<div class=\"elementor-button-wrapper\">\n\t\t\t<a class=\"elementor-button elementor-button-link elementor-size-xl\" href=\"http:\/\/floney.ch\/en\/product-category\/mez\/\">\n\t\t\t\t\t\t<span class=\"elementor-button-content-wrapper\">\n\t\t\t\t\t\t<span class=\"elementor-button-icon elementor-align-icon-left\">\n\t\t\t\t<i aria-hidden=\"true\" class=\"fas fa-box\"><\/i>\t\t\t<\/span>\n\t\t\t\t\t\t<span class=\"elementor-button-text\">Products<\/span>\n\t\t<\/span>\n\t\t\t\t\t<\/a>\n\t\t<\/div>\n\t\t\t\t<\/div>\n\t\t\t\t<\/div>\n\t\t\t\t\t<\/div>\n\t\t<\/div>\n\t\t\t\t<div class=\"elementor-column elementor-col-50 elementor-inner-column elementor-element elementor-element-6e649c\" data-id=\"6e649c\" data-element_type=\"column\">\n\t\t\t<div class=\"elementor-widget-wrap elementor-element-populated\">\n\t\t\t\t\t\t\t\t<div class=\"elementor-element elementor-element-f99f9b8 elementor-align-center elementor-mobile-align-center elementor-widget elementor-widget-button\" data-id=\"f99f9b8\" data-element_type=\"widget\" data-widget_type=\"button.default\">\n\t\t\t\t<div class=\"elementor-widget-container\">\n\t\t\t\t\t<div class=\"elementor-button-wrapper\">\n\t\t\t<a class=\"elementor-button elementor-button-link elementor-size-xl\" href=\"https:\/\/floney.ch\/en\/osszetevok\/\">\n\t\t\t\t\t\t<span class=\"elementor-button-content-wrapper\">\n\t\t\t\t\t\t<span class=\"elementor-button-icon elementor-align-icon-left\">\n\t\t\t\t<i aria-hidden=\"true\" class=\"fas fa-info\"><\/i>\t\t\t<\/span>\n\t\t\t\t\t\t<span class=\"elementor-button-text\">Active ingredients<\/span>\n\t\t<\/span>\n\t\t\t\t\t<\/a>\n\t\t<\/div>\n\t\t\t\t<\/div>\n\t\t\t\t<\/div>\n\t\t\t\t\t<\/div>\n\t\t<\/div>\n\t\t\t\t\t\t\t<\/div>\n\t\t<\/section>\n\t\t\t\t\t<\/div>\n\t\t<\/div>\n\t\t\t\t\t\t\t<\/div>\n\t\t<\/section>\n\t\t\t\t<section class=\"elementor-section elementor-top-section elementor-element elementor-element-4076731b elementor-section-full_width elementor-section-height-default elementor-section-height-default\" data-id=\"4076731b\" data-element_type=\"section\" data-settings=\"{&quot;background_background&quot;:&quot;classic&quot;}\">\n\t\t\t\t\t\t\t<div class=\"elementor-background-overlay\"><\/div>\n\t\t\t\t\t\t\t<div class=\"elementor-container elementor-column-gap-no\">\n\t\t\t\t\t<div class=\"elementor-column elementor-col-100 elementor-top-column elementor-element elementor-element-7940ca75\" data-id=\"7940ca75\" data-element_type=\"column\">\n\t\t\t<div class=\"elementor-widget-wrap elementor-element-populated\">\n\t\t\t\t\t\t\t\t<div class=\"elementor-element elementor-element-e5cf4de elementor-shape-rounded elementor-grid-0 e-grid-align-center elementor-widget elementor-widget-social-icons\" data-id=\"e5cf4de\" data-element_type=\"widget\" data-widget_type=\"social-icons.default\">\n\t\t\t\t<div class=\"elementor-widget-container\">\n\t\t\t\t\t<div class=\"elementor-social-icons-wrapper elementor-grid\">\n\t\t\t\t\t\t\t<span class=\"elementor-grid-item\">\n\t\t\t\t\t<a class=\"elementor-icon elementor-social-icon elementor-social-icon-facebook elementor-repeater-item-eb57840\" href=\"https:\/\/www.facebook.com\/floneymezpasztilla\" target=\"_blank\">\n\t\t\t\t\t\t<span class=\"elementor-screen-only\">Facebook<\/span>\n\t\t\t\t\t\t<i class=\"fab fa-facebook\"><\/i>\t\t\t\t\t<\/a>\n\t\t\t\t<\/span>\n\t\t\t\t\t<\/div>\n\t\t\t\t<\/div>\n\t\t\t\t<\/div>\n\t\t\t\t<div class=\"elementor-element elementor-element-0e9879e elementor-widget elementor-widget-heading\" data-id=\"0e9879e\" data-element_type=\"widget\" data-widget_type=\"heading.default\">\n\t\t\t\t<div class=\"elementor-widget-container\">\n\t\t\t<h2 class=\"elementor-heading-title elementor-size-default\"><a href=\"https:\/\/www.facebook.com\/floneymezpasztilla\" target=\"_blank\">Follow us on facebook!<\/a><\/h2>\t\t<\/div>\n\t\t\t\t<\/div>\n\t\t\t\t\t<\/div>\n\t\t<\/div>\n\t\t\t\t\t\t\t<\/div>\n\t\t<\/section>\n\t\t\t\t\t\t\t<\/div>","protected":false},"excerpt":{"rendered":"<p>Floney Natural Honey PasteAnti-inflammatorySeeFloney Lemon Honey PasteCough RelieverSeeFloney Cinnamon Honey PasteMouth AntisepticSeeFloney Lavender Honey PasteCalming,  After years of experimentation and development, we've made what we dreamed up a reality. We have created a product made only from natural ingredients that can be used as a food, a dessert and a ...<\/p>\n<p class=\"read-more\"> <a class=\"\" href=\"https:\/\/floney.ch\/en\/\"> <span class=\"screen-reader-text\">Home<\/span> Read More \"<\/a><\/p>","protected":false},"author":1,"featured_media":0,"parent":0,"menu_order":0,"comment_status":"closed","ping_status":"closed","template":"","meta":{"site-sidebar-layout":"no-sidebar","site-content-layout":"page-builder","ast-site-content-layout":"","site-content-style":"default","site-sidebar-style":"default","ast-global-header-display":"","ast-banner-title-visibility":"","ast-main-header-display":"","ast-hfb-above-header-display":"","ast-hfb-below-header-display":"","ast-hfb-mobile-header-display":"","site-post-title":"disabled","ast-breadcrumbs-content":"","ast-featured-img":"disabled","footer-sml-layout":"","theme-transparent-header-meta":"enabled","adv-header-id-meta":"","stick-header-meta":"","header-above-stick-meta":"","header-main-stick-meta":"","header-below-stick-meta":"","astra-migrate-meta-layouts":"default","ast-page-background-enabled":"default","ast-page-background-meta":{"desktop":{"background-color":"","background-image":"","background-repeat":"repeat","background-position":"center center","background-size":"auto","background-attachment":"scroll","background-type":"","background-media":"","overlay-type":"","overlay-color":"","overlay-gradient":""},"tablet":{"background-color":"","background-image":"","background-repeat":"repeat","background-position":"center center","background-size":"auto","background-attachment":"scroll","background-type":"","background-media":"","overlay-type":"","overlay-color":"","overlay-gradient":""},"mobile":{"background-color":"","background-image":"","background-repeat":"repeat","background-position":"center center","background-size":"auto","background-attachment":"scroll","background-type":"","background-media":"","overlay-type":"","overlay-color":"","overlay-gradient":""}},"ast-content-background-meta":{"desktop":{"background-color":"var(--ast-global-color-5)","background-image":"","background-repeat":"repeat","background-position":"center center","background-size":"auto","background-attachment":"scroll","background-type":"","background-media":"","overlay-type":"","overlay-color":"","overlay-gradient":""},"tablet":{"background-color":"var(--ast-global-color-5)","background-image":"","background-repeat":"repeat","background-position":"center center","background-size":"auto","background-attachment":"scroll","background-type":"","background-media":"","overlay-type":"","overlay-color":"","overlay-gradient":""},"mobile":{"background-color":"var(--ast-global-color-5)","background-image":"","background-repeat":"repeat","background-position":"center center","background-size":"auto","background-attachment":"scroll","background-type":"","background-media":"","overlay-type":"","overlay-color":"","overlay-gradient":""}},"footnotes":""},"class_list":["post-30","page","type-page","status-publish","hentry"],"acf":[],"uagb_featured_image_src":{"full":false,"thumbnail":false,"medium":false,"medium_large":false,"large":false,"1536x1536":false,"2048x2048":false,"trp-custom-language-flag":false,"woocommerce_thumbnail":false,"woocommerce_single":false,"woocommerce_gallery_thumbnail":false},"uagb_author_info":{"display_name":"FloneyAdmin","author_link":"https:\/\/floney.ch\/en\/author\/floneyadmin\/"},"uagb_comment_info":0,"uagb_excerpt":"Floney Nat\u00far m\u00e9zpasztillaGyullad\u00e1scs\u00f6kkent\u0151Ismerje megFloney Citrom M\u00e9zpasztillaK\u00f6h\u00f6g\u00e9scsillap\u00edt\u00f3Ismerje megFloney Fah\u00e9j m\u00e9zpasztillaSz\u00e1jfert\u0151tlen\u00edt\u0151Ismerje megFloney Levendula m\u00e9zpasztillaNyugtat\u00f3, hangulatjav\u00edt\u00f3Ismerje megFloney Immunbomba m\u00e9zpasztillaImmuner\u0151s\u00edt\u0151Ismerje megFloney Mentol m\u00e9zpasztillaL\u00e9g\u00fattiszt\u00edt\u00f3Ismerje megFloney Gy\u00f6mb\u00e9r m\u00e9zpasztillaTorokf\u00e1j\u00e1s csillap\u00edt\u00f3Ismerje megFloney Matcha m\u00e9zpasztillaFriss\u00edt\u0151, m\u00e9regtelen\u00edt\u0151Ismerje meg Previous slide Next slide Megcsin\u00e1ltuk! Hossz\u00fa \u00e9vek k\u00eds\u00e9rletez\u00e9se \u00e9s fejleszt\u00e9se ut\u00e1n megval\u00f3s\u00edtottuk, amit kital\u00e1ltunk. Megalkottunk egy olyan term\u00e9ket, ami csak term\u00e9szetes alapanyagokb\u00f3l \u00e1ll \u00e9s \u00e9telk\u00e9nt, \u00e9dess\u00e9gk\u00e9nt \u00e9s&hellip;","_links":{"self":[{"href":"https:\/\/floney.ch\/en\/wp-json\/wp\/v2\/pages\/30","targetHints":{"allow":["GET"]}}],"collection":[{"href":"https:\/\/floney.ch\/en\/wp-json\/wp\/v2\/pages"}],"about":[{"href":"https:\/\/floney.ch\/en\/wp-json\/wp\/v2\/types\/page"}],"author":[{"embeddable":true,"href":"https:\/\/floney.ch\/en\/wp-json\/wp\/v2\/users\/1"}],"replies":[{"embeddable":true,"href":"https:\/\/floney.ch\/en\/wp-json\/wp\/v2\/comments?post=30"}],"version-history":[{"count":208,"href":"https:\/\/floney.ch\/en\/wp-json\/wp\/v2\/pages\/30\/revisions"}],"predecessor-version":[{"id":2402,"href":"https:\/\/floney.ch\/en\/wp-json\/wp\/v2\/pages\/30\/revisions\/2402"}],"wp:attachment":[{"href":"https:\/\/floney.ch\/en\/wp-json\/wp\/v2\/media?parent=30"}],"curies":[{"name":"wp","href":"https:\/\/api.w.org\/{rel}","templated":true}]}}