{"id":31,"date":"2020-04-13T11:18:52","date_gmt":"2020-04-13T11:18:52","guid":{"rendered":"http:\/\/floney.ch\/about\/"},"modified":"2024-01-25T14:05:32","modified_gmt":"2024-01-25T14:05:32","slug":"rolunk","status":"publish","type":"page","link":"https:\/\/floney.ch\/fr\/rolunk\/","title":{"rendered":"A propos de Floney"},"content":{"rendered":"<div data-elementor-type=\"wp-page\" data-elementor-id=\"31\" class=\"elementor elementor-31\" data-elementor-post-type=\"page\">\n\t\t\t\t\t\t\t\t\t<section class=\"elementor-section elementor-top-section elementor-element elementor-element-5131a13e elementor-section-boxed elementor-section-height-default elementor-section-height-default\" data-id=\"5131a13e\" data-element_type=\"section\" data-settings=\"{&quot;background_background&quot;:&quot;classic&quot;}\">\n\t\t\t\t\t\t\t<div class=\"elementor-background-overlay\"><\/div>\n\t\t\t\t\t\t\t<div class=\"elementor-container elementor-column-gap-default\">\n\t\t\t\t\t<div class=\"elementor-column elementor-col-100 elementor-top-column elementor-element elementor-element-1053ca7a\" data-id=\"1053ca7a\" data-element_type=\"column\">\n\t\t\t<div class=\"elementor-widget-wrap elementor-element-populated\">\n\t\t\t\t\t\t\t\t<div class=\"elementor-element elementor-element-3d99e122 elementor-widget elementor-widget-heading\" data-id=\"3d99e122\" data-element_type=\"widget\" data-widget_type=\"heading.default\">\n\t\t\t\t<div class=\"elementor-widget-container\">\n\t\t\t<h1 class=\"elementor-heading-title elementor-size-default\">A propos de Floney<\/h1>\t\t<\/div>\n\t\t\t\t<\/div>\n\t\t\t\t\t<\/div>\n\t\t<\/div>\n\t\t\t\t\t\t\t<\/div>\n\t\t<\/section>\n\t\t\t\t<section class=\"elementor-section elementor-top-section elementor-element elementor-element-40177ae0 elementor-section-boxed elementor-section-height-default elementor-section-height-default\" data-id=\"40177ae0\" data-element_type=\"section\">\n\t\t\t\t\t\t<div class=\"elementor-container elementor-column-gap-no\">\n\t\t\t\t\t<div class=\"elementor-column elementor-col-33 elementor-top-column elementor-element elementor-element-2828f573\" data-id=\"2828f573\" data-element_type=\"column\">\n\t\t\t<div class=\"elementor-widget-wrap elementor-element-populated\">\n\t\t\t\t\t\t\t\t<div class=\"elementor-element elementor-element-69b6049 elementor-widget elementor-widget-image-gallery\" data-id=\"69b6049\" data-element_type=\"widget\" data-widget_type=\"image-gallery.default\">\n\t\t\t\t<div class=\"elementor-widget-container\">\n\t\t\t\t\t<div class=\"elementor-image-gallery\">\n\t\t\t<div id='gallery-1' class='gallery galleryid-31 gallery-columns-2 gallery-size-thumbnail'><figure class='gallery-item'>\n\t\t\t<div class='gallery-icon landscape'>\n\t\t\t\t<a data-elementor-open-lightbox=\"yes\" data-elementor-lightbox-slideshow=\"69b6049\" data-e-action-hash=\"#elementor-action%3Aaction%3Dlightbox%26settings%3DeyJpZCI6MTM5MywidXJsIjoiaHR0cHM6XC9cL2Zsb25leS5jaFwvd3AtY29udGVudFwvdXBsb2Fkc1wvMjAyMVwvMDVcL0lNR183NTQxT0tfRlVMTF9yZXMtc2NhbGVkLmpwZyIsInNsaWRlc2hvdyI6IjY5YjYwNDkifQ%3D%3D\" href='https:\/\/floney.ch\/wp-content\/uploads\/2021\/05\/IMG_7541OK_FULL_res-scaled.jpg'><img decoding=\"async\" width=\"150\" height=\"150\" src=\"https:\/\/floney.ch\/wp-content\/uploads\/2021\/05\/IMG_7541OK_FULL_res-150x150.jpg\" class=\"attachment-thumbnail size-thumbnail\" alt=\"\" srcset=\"https:\/\/floney.ch\/wp-content\/uploads\/2021\/05\/IMG_7541OK_FULL_res-150x150.jpg 150w, https:\/\/floney.ch\/wp-content\/uploads\/2021\/05\/IMG_7541OK_FULL_res-scaled-300x300.jpg 300w, https:\/\/floney.ch\/wp-content\/uploads\/2021\/05\/IMG_7541OK_FULL_res-scaled-100x100.jpg 100w\" sizes=\"(max-width: 150px) 100vw, 150px\" \/><\/a>\n\t\t\t<\/div><\/figure><figure class='gallery-item'>\n\t\t\t<div class='gallery-icon landscape'>\n\t\t\t\t<a data-elementor-open-lightbox=\"yes\" data-elementor-lightbox-slideshow=\"69b6049\" data-e-action-hash=\"#elementor-action%3Aaction%3Dlightbox%26settings%3DeyJpZCI6MTM1OCwidXJsIjoiaHR0cHM6XC9cL2Zsb25leS5jaFwvd3AtY29udGVudFwvdXBsb2Fkc1wvMjAyMVwvMDVcL0lNR183NTU5T0tfRlVMTF9yZXMtc2NhbGVkLmpwZyIsInNsaWRlc2hvdyI6IjY5YjYwNDkifQ%3D%3D\" href='https:\/\/floney.ch\/wp-content\/uploads\/2021\/05\/IMG_7559OK_FULL_res-scaled.jpg'><img decoding=\"async\" width=\"150\" height=\"150\" src=\"https:\/\/floney.ch\/wp-content\/uploads\/2021\/05\/IMG_7559OK_FULL_res-150x150.jpg\" class=\"attachment-thumbnail size-thumbnail\" alt=\"\" srcset=\"https:\/\/floney.ch\/wp-content\/uploads\/2021\/05\/IMG_7559OK_FULL_res-150x150.jpg 150w, https:\/\/floney.ch\/wp-content\/uploads\/2021\/05\/IMG_7559OK_FULL_res-scaled-300x300.jpg 300w, https:\/\/floney.ch\/wp-content\/uploads\/2021\/05\/IMG_7559OK_FULL_res-scaled-100x100.jpg 100w\" sizes=\"(max-width: 150px) 100vw, 150px\" \/><\/a>\n\t\t\t<\/div><\/figure><figure class='gallery-item'>\n\t\t\t<div class='gallery-icon landscape'>\n\t\t\t\t<a data-elementor-open-lightbox=\"yes\" data-elementor-lightbox-slideshow=\"69b6049\" data-e-action-hash=\"#elementor-action%3Aaction%3Dlightbox%26settings%3DeyJpZCI6MTMzNiwidXJsIjoiaHR0cHM6XC9cL2Zsb25leS5jaFwvd3AtY29udGVudFwvdXBsb2Fkc1wvMjAyMVwvMDVcL0lNR183NDI4T0tfRlVMTF9yZXMtc2NhbGVkLmpwZyIsInNsaWRlc2hvdyI6IjY5YjYwNDkifQ%3D%3D\" href='https:\/\/floney.ch\/wp-content\/uploads\/2021\/05\/IMG_7428OK_FULL_res-scaled.jpg'><img decoding=\"async\" width=\"150\" height=\"150\" src=\"https:\/\/floney.ch\/wp-content\/uploads\/2021\/05\/IMG_7428OK_FULL_res-150x150.jpg\" class=\"attachment-thumbnail size-thumbnail\" alt=\"\" srcset=\"https:\/\/floney.ch\/wp-content\/uploads\/2021\/05\/IMG_7428OK_FULL_res-150x150.jpg 150w, https:\/\/floney.ch\/wp-content\/uploads\/2021\/05\/IMG_7428OK_FULL_res-scaled-300x300.jpg 300w, https:\/\/floney.ch\/wp-content\/uploads\/2021\/05\/IMG_7428OK_FULL_res-scaled-100x100.jpg 100w\" sizes=\"(max-width: 150px) 100vw, 150px\" \/><\/a>\n\t\t\t<\/div><\/figure><figure class='gallery-item'>\n\t\t\t<div class='gallery-icon landscape'>\n\t\t\t\t<a data-elementor-open-lightbox=\"yes\" data-elementor-lightbox-slideshow=\"69b6049\" data-e-action-hash=\"#elementor-action%3Aaction%3Dlightbox%26settings%3DeyJpZCI6MTI0NiwidXJsIjoiaHR0cHM6XC9cL2Zsb25leS5jaFwvd3AtY29udGVudFwvdXBsb2Fkc1wvMjAyMVwvMDVcL1doYXRzQXBwX0ltYWdlXzIwMTlfMDdfMjlfYXRfMDA1ODI0XzFfMS5qcGVnIiwic2xpZGVzaG93IjoiNjliNjA0OSJ9\" href='https:\/\/floney.ch\/wp-content\/uploads\/2021\/05\/WhatsApp_Image_2019_07_29_at_005824_1_1.jpeg'><img loading=\"lazy\" decoding=\"async\" width=\"150\" height=\"150\" src=\"https:\/\/floney.ch\/wp-content\/uploads\/2021\/05\/WhatsApp_Image_2019_07_29_at_005824_1_1-150x150.jpeg\" class=\"attachment-thumbnail size-thumbnail\" alt=\"\" srcset=\"https:\/\/floney.ch\/wp-content\/uploads\/2021\/05\/WhatsApp_Image_2019_07_29_at_005824_1_1-150x150.jpeg 150w, https:\/\/floney.ch\/wp-content\/uploads\/2021\/05\/WhatsApp_Image_2019_07_29_at_005824_1_1-300x300.jpeg 300w, https:\/\/floney.ch\/wp-content\/uploads\/2021\/05\/WhatsApp_Image_2019_07_29_at_005824_1_1-100x100.jpeg 100w\" sizes=\"(max-width: 150px) 100vw, 150px\" \/><\/a>\n\t\t\t<\/div><\/figure><figure class='gallery-item'>\n\t\t\t<div class='gallery-icon landscape'>\n\t\t\t\t<a data-elementor-open-lightbox=\"yes\" data-elementor-lightbox-slideshow=\"69b6049\" data-e-action-hash=\"#elementor-action%3Aaction%3Dlightbox%26settings%3DeyJpZCI6MTM5NCwidXJsIjoiaHR0cHM6XC9cL2Zsb25leS5jaFwvd3AtY29udGVudFwvdXBsb2Fkc1wvMjAyMVwvMDVcL0lNR183NTgyT0tfRlVMTF9yZXMtc2NhbGVkLmpwZyIsInNsaWRlc2hvdyI6IjY5YjYwNDkifQ%3D%3D\" href='https:\/\/floney.ch\/wp-content\/uploads\/2021\/05\/IMG_7582OK_FULL_res-scaled.jpg'><img loading=\"lazy\" decoding=\"async\" width=\"150\" height=\"150\" src=\"https:\/\/floney.ch\/wp-content\/uploads\/2021\/05\/IMG_7582OK_FULL_res-150x150.jpg\" class=\"attachment-thumbnail size-thumbnail\" alt=\"\" srcset=\"https:\/\/floney.ch\/wp-content\/uploads\/2021\/05\/IMG_7582OK_FULL_res-150x150.jpg 150w, https:\/\/floney.ch\/wp-content\/uploads\/2021\/05\/IMG_7582OK_FULL_res-scaled-300x300.jpg 300w, https:\/\/floney.ch\/wp-content\/uploads\/2021\/05\/IMG_7582OK_FULL_res-scaled-100x100.jpg 100w\" sizes=\"(max-width: 150px) 100vw, 150px\" \/><\/a>\n\t\t\t<\/div><\/figure><figure class='gallery-item'>\n\t\t\t<div class='gallery-icon landscape'>\n\t\t\t\t<a data-elementor-open-lightbox=\"yes\" data-elementor-lightbox-slideshow=\"69b6049\" data-e-action-hash=\"#elementor-action%3Aaction%3Dlightbox%26settings%3DeyJpZCI6MTM5NSwidXJsIjoiaHR0cHM6XC9cL2Zsb25leS5jaFwvd3AtY29udGVudFwvdXBsb2Fkc1wvMjAyMVwvMDVcL0lNR183MTY4T0tfRlVMTF9yZXMtc2NhbGVkLmpwZyIsInNsaWRlc2hvdyI6IjY5YjYwNDkifQ%3D%3D\" href='https:\/\/floney.ch\/wp-content\/uploads\/2021\/05\/IMG_7168OK_FULL_res-scaled.jpg'><img loading=\"lazy\" decoding=\"async\" width=\"150\" height=\"150\" src=\"https:\/\/floney.ch\/wp-content\/uploads\/2021\/05\/IMG_7168OK_FULL_res-150x150.jpg\" class=\"attachment-thumbnail size-thumbnail\" alt=\"\" srcset=\"https:\/\/floney.ch\/wp-content\/uploads\/2021\/05\/IMG_7168OK_FULL_res-150x150.jpg 150w, https:\/\/floney.ch\/wp-content\/uploads\/2021\/05\/IMG_7168OK_FULL_res-scaled-300x300.jpg 300w, https:\/\/floney.ch\/wp-content\/uploads\/2021\/05\/IMG_7168OK_FULL_res-scaled-100x100.jpg 100w\" sizes=\"(max-width: 150px) 100vw, 150px\" \/><\/a>\n\t\t\t<\/div><\/figure>\n\t\t<\/div>\n\t\t<\/div>\n\t\t\t\t<\/div>\n\t\t\t\t<\/div>\n\t\t\t\t\t<\/div>\n\t\t<\/div>\n\t\t\t\t<div class=\"elementor-column elementor-col-66 elementor-top-column elementor-element elementor-element-48096891\" data-id=\"48096891\" data-element_type=\"column\">\n\t\t\t<div class=\"elementor-widget-wrap elementor-element-populated\">\n\t\t\t\t\t\t\t\t<div class=\"elementor-element elementor-element-5eebc71 elementor-widget elementor-widget-text-editor\" data-id=\"5eebc71\" data-element_type=\"widget\" data-widget_type=\"text-editor.default\">\n\t\t\t\t<div class=\"elementor-widget-container\">\n\t\t\t\t\t\t\t<p>Les produits Floney sont fabriqu\u00e9s \u00e0 l'aide d'une technologie sp\u00e9ciale qui permet d'amener le miel \u00e0 l'\u00e9tat solide \u00e0 temp\u00e9rature ambiante, sans utiliser d'additifs et sans perdre aucun de ses composants b\u00e9n\u00e9fiques et sains, et de le conserver dans cet \u00e9tat dans un emballage appropri\u00e9. Gr\u00e2ce \u00e0 ce proc\u00e9d\u00e9, aucun g\u00e9lifiant naturel ou synth\u00e9tique, aucune fibre, aucun exhausteur de bouillon, aucun amidon, aucun sucre ajout\u00e9, aucun stabilisateur, aucun conservateur, aucun colorant, aucun ar\u00f4me ni aucun \"E\" n'est utilis\u00e9 pour solidifier le miel.<\/p><p>Cette technologie est unique au monde car elle permet d'obtenir ce changement d'\u00e9tat avec le minimum d'intervention possible, de sorte que le miel solide transform\u00e9 pr\u00e9sente des param\u00e8tres de composition et des propri\u00e9t\u00e9s presque identiques \u00e0 ceux de la mati\u00e8re premi\u00e8re d'origine, en pr\u00e9servant la quasi-totalit\u00e9 des composants du miel. La coop\u00e9ration entre la soci\u00e9t\u00e9 hongroise Pharma Commerce Kft. qui a r\u00e9alis\u00e9 la phase initiale de d\u00e9veloppement et la soci\u00e9t\u00e9 suisse Felox Swiss GmbH a jou\u00e9 un r\u00f4le majeur dans les efforts et les difficult\u00e9s li\u00e9s au d\u00e9veloppement. Gr\u00e2ce \u00e0 ce travail conjoint, la technologie a fait l'objet d'une modernisation substantielle, tant au niveau de l'approvisionnement en mati\u00e8res premi\u00e8res de qualit\u00e9 que de la fabrication et du conditionnement du produit. Une \u00e9tape importante dans le cycle de vie du produit est que, dans l'esprit de la conscience suisse de la qualit\u00e9, notre entreprise de fabrication a fait auditer avec succ\u00e8s en 2020 son syst\u00e8me de gestion de la qualit\u00e9, qui est conforme \u00e0 la directive sur la qualit\u00e9 de l'eau de l'UE. <a href=\"http:\/\/floney.ch\/wp-content\/uploads\/2021\/05\/tanusitvany-HU19558-21-ISO-9001-2015-magyar-2021.03.16.-1.pdf\">ISO 9001:2015<\/a>\u00a0les exigences de la norme.<\/p><p>Le brevetage international de la technologie est en cours.<\/p><p>Nos produits ne contiennent que du miel certifi\u00e9 biologique ou bio provenant de sources contr\u00f4l\u00e9es et que des extraits de plantes et des concentr\u00e9s de fruits biologiques ou bio provenant d'entreprises d'Europe de l'Ouest. Ces substances contribuent aux effets b\u00e9n\u00e9fiques du miel ou les compl\u00e8tent, afin de rendre nos produits sains pour nos consommateurs en tant qu'aliments, confiseries et rem\u00e8des naturels.<\/p><p>Notre attachement \u00e0 la qualit\u00e9 signifie que nous am\u00e9liorons constamment notre technologie, nos processus et nos produits, en nous appuyant sur le haut niveau d'expertise de nos professionnels hongrois et suisses.<\/p>\t\t\t\t\t\t<\/div>\n\t\t\t\t<\/div>\n\t\t\t\t<div class=\"elementor-element elementor-element-3ebb921 elementor-widget elementor-widget-spacer\" data-id=\"3ebb921\" data-element_type=\"widget\" data-widget_type=\"spacer.default\">\n\t\t\t\t<div class=\"elementor-widget-container\">\n\t\t\t\t\t<div class=\"elementor-spacer\">\n\t\t\t<div class=\"elementor-spacer-inner\"><\/div>\n\t\t<\/div>\n\t\t\t\t<\/div>\n\t\t\t\t<\/div>\n\t\t\t\t\t<\/div>\n\t\t<\/div>\n\t\t\t\t\t\t\t<\/div>\n\t\t<\/section>\n\t\t\t\t<section class=\"elementor-section elementor-top-section elementor-element elementor-element-88095be elementor-section-boxed elementor-section-height-default elementor-section-height-default\" data-id=\"88095be\" data-element_type=\"section\" data-settings=\"{&quot;background_background&quot;:&quot;classic&quot;}\">\n\t\t\t\t\t\t<div class=\"elementor-container elementor-column-gap-no\">\n\t\t\t\t\t<div class=\"elementor-column elementor-col-33 elementor-top-column elementor-element elementor-element-b59566c\" data-id=\"b59566c\" data-element_type=\"column\">\n\t\t\t<div class=\"elementor-widget-wrap elementor-element-populated\">\n\t\t\t\t\t\t\t\t<div class=\"elementor-element elementor-element-08f8146 elementor-widget elementor-widget-heading\" data-id=\"08f8146\" data-element_type=\"widget\" data-widget_type=\"heading.default\">\n\t\t\t\t<div class=\"elementor-widget-container\">\n\t\t\t<h2 class=\"elementor-heading-title elementor-size-default\">Nos objectifs<\/h2>\t\t<\/div>\n\t\t\t\t<\/div>\n\t\t\t\t<div class=\"elementor-element elementor-element-22d806f elementor-widget elementor-widget-text-editor\" data-id=\"22d806f\" data-element_type=\"widget\" data-widget_type=\"text-editor.default\">\n\t\t\t\t<div class=\"elementor-widget-container\">\n\t\t\t\t\t\t\t<p>Cr\u00e9er des produits \u00e0 base naturelle qui contiennent le plus grand nombre possible d'ingr\u00e9dients b\u00e9n\u00e9fiques et sains de leurs mati\u00e8res premi\u00e8res, en cr\u00e9ant une nouvelle forme de consommation qui int\u00e8gre le miel, les herbes, les \u00e9pices et les extraits de fruits dans un mode de vie quotidien et sain.<\/p>\t\t\t\t\t\t<\/div>\n\t\t\t\t<\/div>\n\t\t\t\t\t<\/div>\n\t\t<\/div>\n\t\t\t\t<div class=\"elementor-column elementor-col-33 elementor-top-column elementor-element elementor-element-bca9a20\" data-id=\"bca9a20\" data-element_type=\"column\">\n\t\t\t<div class=\"elementor-widget-wrap elementor-element-populated\">\n\t\t\t\t\t\t\t\t<div class=\"elementor-element elementor-element-aa773a3 elementor-widget elementor-widget-heading\" data-id=\"aa773a3\" data-element_type=\"widget\" data-widget_type=\"heading.default\">\n\t\t\t\t<div class=\"elementor-widget-container\">\n\t\t\t<h2 class=\"elementor-heading-title elementor-size-default\">Notre vision pour l'avenir<\/h2>\t\t<\/div>\n\t\t\t\t<\/div>\n\t\t\t\t<div class=\"elementor-element elementor-element-ccbd346 elementor-widget elementor-widget-text-editor\" data-id=\"ccbd346\" data-element_type=\"widget\" data-widget_type=\"text-editor.default\">\n\t\t\t\t<div class=\"elementor-widget-container\">\n\t\t\t\t\t\t\t<p class=\" translation-block\">Promouvoir et mettre \u00e0 la disposition de tous les valeurs du miel, des herbes et des \u00e9pices, pour une meilleure qualit\u00e9 de vie.<\/p>\t\t\t\t\t\t<\/div>\n\t\t\t\t<\/div>\n\t\t\t\t\t<\/div>\n\t\t<\/div>\n\t\t\t\t<div class=\"elementor-column elementor-col-33 elementor-top-column elementor-element elementor-element-6b0d72f\" data-id=\"6b0d72f\" data-element_type=\"column\">\n\t\t\t<div class=\"elementor-widget-wrap elementor-element-populated\">\n\t\t\t\t\t\t\t\t<div class=\"elementor-element elementor-element-30cd69e elementor-widget elementor-widget-heading\" data-id=\"30cd69e\" data-element_type=\"widget\" data-widget_type=\"heading.default\">\n\t\t\t\t<div class=\"elementor-widget-container\">\n\t\t\t<h2 class=\"elementor-heading-title elementor-size-default\">Nos valeurs<\/h2>\t\t<\/div>\n\t\t\t\t<\/div>\n\t\t\t\t<div class=\"elementor-element elementor-element-9f92279 elementor-icon-list--layout-traditional elementor-list-item-link-full_width elementor-widget elementor-widget-icon-list\" data-id=\"9f92279\" data-element_type=\"widget\" data-widget_type=\"icon-list.default\">\n\t\t\t\t<div class=\"elementor-widget-container\">\n\t\t\t\t\t<ul class=\"elementor-icon-list-items\">\n\t\t\t\t\t\t\t<li class=\"elementor-icon-list-item\">\n\t\t\t\t\t\t\t\t\t\t\t<span class=\"elementor-icon-list-icon\">\n\t\t\t\t\t\t\t<i aria-hidden=\"true\" class=\"fas fa-caret-right\"><\/i>\t\t\t\t\t\t<\/span>\n\t\t\t\t\t\t\t\t\t\t<span class=\"elementor-icon-list-text\">Un engagement pour la nature<\/span>\n\t\t\t\t\t\t\t\t\t<\/li>\n\t\t\t\t\t\t\t\t<li class=\"elementor-icon-list-item\">\n\t\t\t\t\t\t\t\t\t\t\t<span class=\"elementor-icon-list-icon\">\n\t\t\t\t\t\t\t<i aria-hidden=\"true\" class=\"fas fa-caret-right\"><\/i>\t\t\t\t\t\t<\/span>\n\t\t\t\t\t\t\t\t\t\t<span class=\"elementor-icon-list-text\">Un engagement en faveur de la qualit\u00e9<\/span>\n\t\t\t\t\t\t\t\t\t<\/li>\n\t\t\t\t\t\t\t\t<li class=\"elementor-icon-list-item\">\n\t\t\t\t\t\t\t\t\t\t\t<span class=\"elementor-icon-list-icon\">\n\t\t\t\t\t\t\t<i aria-hidden=\"true\" class=\"fas fa-caret-right\"><\/i>\t\t\t\t\t\t<\/span>\n\t\t\t\t\t\t\t\t\t\t<span class=\"elementor-icon-list-text\">D\u00e9veloppement continu et conscient<\/span>\n\t\t\t\t\t\t\t\t\t<\/li>\n\t\t\t\t\t\t\t\t<li class=\"elementor-icon-list-item\">\n\t\t\t\t\t\t\t\t\t\t\t<span class=\"elementor-icon-list-icon\">\n\t\t\t\t\t\t\t<i aria-hidden=\"true\" class=\"fas fa-caret-right\"><\/i>\t\t\t\t\t\t<\/span>\n\t\t\t\t\t\t\t\t\t\t<span class=\"elementor-icon-list-text\">Soif de connaissances<\/span>\n\t\t\t\t\t\t\t\t\t<\/li>\n\t\t\t\t\t\t<\/ul>\n\t\t\t\t<\/div>\n\t\t\t\t<\/div>\n\t\t\t\t\t<\/div>\n\t\t<\/div>\n\t\t\t\t\t\t\t<\/div>\n\t\t<\/section>\n\t\t\t\t\t\t\t<\/div>","protected":false},"excerpt":{"rendered":"<p>\u00c0 propos de nous Les produits Floney sont fabriqu\u00e9s \u00e0 l'aide d'une technologie sp\u00e9ciale qui permet d'amener le miel \u00e0 l'\u00e9tat solide \u00e0 temp\u00e9rature ambiante, sans utiliser d'additifs et sans perdre aucun de ses composants b\u00e9n\u00e9fiques et sains, et de le conserver dans cet \u00e9tat dans un emballage appropri\u00e9. Gr\u00e2ce \u00e0 cette m\u00e9thode, il n'y a pas de g\u00e9lifiants naturels ou synth\u00e9tiques, de fibres, d'am\u00e9liorants de bouillon, d'amidons, de sucres ajout\u00e9s, de stabilisants, ...<\/p>\n<p class=\"read-more\"> <a class=\"\" href=\"https:\/\/floney.ch\/fr\/rolunk\/\"> <span class=\"screen-reader-text\">A propos de Floney<\/span> Lire la suite \"<\/a><\/p>","protected":false},"author":1,"featured_media":0,"parent":0,"menu_order":0,"comment_status":"closed","ping_status":"closed","template":"","meta":{"site-sidebar-layout":"no-sidebar","site-content-layout":"page-builder","ast-site-content-layout":"","site-content-style":"default","site-sidebar-style":"default","ast-global-header-display":"","ast-banner-title-visibility":"","ast-main-header-display":"","ast-hfb-above-header-display":"","ast-hfb-below-header-display":"","ast-hfb-mobile-header-display":"","site-post-title":"disabled","ast-breadcrumbs-content":"","ast-featured-img":"disabled","footer-sml-layout":"","theme-transparent-header-meta":"enabled","adv-header-id-meta":"","stick-header-meta":"","header-above-stick-meta":"","header-main-stick-meta":"","header-below-stick-meta":"","astra-migrate-meta-layouts":"default","ast-page-background-enabled":"default","ast-page-background-meta":{"desktop":{"background-color":"","background-image":"","background-repeat":"repeat","background-position":"center center","background-size":"auto","background-attachment":"scroll","background-type":"","background-media":"","overlay-type":"","overlay-color":"","overlay-gradient":""},"tablet":{"background-color":"","background-image":"","background-repeat":"repeat","background-position":"center center","background-size":"auto","background-attachment":"scroll","background-type":"","background-media":"","overlay-type":"","overlay-color":"","overlay-gradient":""},"mobile":{"background-color":"","background-image":"","background-repeat":"repeat","background-position":"center center","background-size":"auto","background-attachment":"scroll","background-type":"","background-media":"","overlay-type":"","overlay-color":"","overlay-gradient":""}},"ast-content-background-meta":{"desktop":{"background-color":"var(--ast-global-color-5)","background-image":"","background-repeat":"repeat","background-position":"center center","background-size":"auto","background-attachment":"scroll","background-type":"","background-media":"","overlay-type":"","overlay-color":"","overlay-gradient":""},"tablet":{"background-color":"var(--ast-global-color-5)","background-image":"","background-repeat":"repeat","background-position":"center center","background-size":"auto","background-attachment":"scroll","background-type":"","background-media":"","overlay-type":"","overlay-color":"","overlay-gradient":""},"mobile":{"background-color":"var(--ast-global-color-5)","background-image":"","background-repeat":"repeat","background-position":"center center","background-size":"auto","background-attachment":"scroll","background-type":"","background-media":"","overlay-type":"","overlay-color":"","overlay-gradient":""}},"footnotes":""},"class_list":["post-31","page","type-page","status-publish","hentry"],"acf":[],"uagb_featured_image_src":{"full":false,"thumbnail":false,"medium":false,"medium_large":false,"large":false,"1536x1536":false,"2048x2048":false,"trp-custom-language-flag":false,"woocommerce_thumbnail":false,"woocommerce_single":false,"woocommerce_gallery_thumbnail":false},"uagb_author_info":{"display_name":"FloneyAdmin","author_link":"https:\/\/floney.ch\/fr\/author\/floneyadmin\/"},"uagb_comment_info":0,"uagb_excerpt":"R\u00f3lunk A Floney term\u00e9kek speci\u00e1lis technol\u00f3gi\u00e1val k\u00e9sz\u00fclnek, ami lehet\u0151v\u00e9 teszi, hogy a m\u00e9zet szobah\u0151m\u00e9rs\u00e9kleten, adal\u00e9kanyagok felhaszn\u00e1l\u00e1sa n\u00e9lk\u00fcl \u00e9s meg\u00f3vva a m\u00e9z hasznos \u00e9s eg\u00e9szs\u00e9ges \u00f6sszetev\u0151it, szil\u00e1rd \u00e1llapotba hozzuk \u00e9s megfelel\u0151 csomagol\u00e1s mellett ebben az \u00e1llapotban tartsuk. Ennek k\u00f6sz\u00f6nhet\u0151en a m\u00e9z megszil\u00e1rd\u00edt\u00e1s\u00e1hoz nem haszn\u00e1lunk semmilyen term\u00e9szetes vagy szintetikus zsel\u00e9s\u00edt\u0151 anyagot, rostot, \u00e1llom\u00e1nyjav\u00edt\u00f3t, kem\u00e9ny\u00edt\u0151t, hozz\u00e1adott cukrot, stabiliz\u00e1tort,\u2026","_links":{"self":[{"href":"https:\/\/floney.ch\/fr\/wp-json\/wp\/v2\/pages\/31","targetHints":{"allow":["GET"]}}],"collection":[{"href":"https:\/\/floney.ch\/fr\/wp-json\/wp\/v2\/pages"}],"about":[{"href":"https:\/\/floney.ch\/fr\/wp-json\/wp\/v2\/types\/page"}],"author":[{"embeddable":true,"href":"https:\/\/floney.ch\/fr\/wp-json\/wp\/v2\/users\/1"}],"replies":[{"embeddable":true,"href":"https:\/\/floney.ch\/fr\/wp-json\/wp\/v2\/comments?post=31"}],"version-history":[{"count":58,"href":"https:\/\/floney.ch\/fr\/wp-json\/wp\/v2\/pages\/31\/revisions"}],"predecessor-version":[{"id":2352,"href":"https:\/\/floney.ch\/fr\/wp-json\/wp\/v2\/pages\/31\/revisions\/2352"}],"wp:attachment":[{"href":"https:\/\/floney.ch\/fr\/wp-json\/wp\/v2\/media?parent=31"}],"curies":[{"name":"wp","href":"https:\/\/api.w.org\/{rel}","templated":true}]}}